{"id":108,"date":"2018-05-30T21:53:41","date_gmt":"2018-05-30T21:53:41","guid":{"rendered":"http:\/\/globalbusinet.com\/clinicabetel\/?page_id=108"},"modified":"2018-07-03T16:03:16","modified_gmt":"2018-07-03T16:03:16","slug":"quienes-somos","status":"publish","type":"page","link":"https:\/\/www.ipsclinicabetel.com.co\/index.php\/quienes-somos\/","title":{"rendered":"Quienes Somos"},"content":{"rendered":"<figure><img decoding=\"async\" src=\"http:\/\/globalbusinet.com\/clinicabetel\/wp-content\/uploads\/2018\/05\/banner_img_00.jpg\" alt=\"banner_img_00\" \/><\/figure>\n<header id=\"header_principal\">\n<h3>\u00bf Quienes Somos ?<\/h3>\n<\/header>\n<p>La <strong style=\"color: #125e7f;\">IPS CLINICA BETEL S.A.S<\/strong> fue creada en el 2002 como persona natural y en el 2014 nos transformamos a persona jur\u00eddica con la misi\u00f3n de propiciar a la poblaci\u00f3n residente en la Costa Norte de Colombia una excelente prestaci\u00f3n de Servicios de Seguridad Social en Salud tal y como lo establecen las leyes vigentes:<\/p>\n<p>Contamos en nuestra planta con profesionales altamente calificados, escogidos dentro de un proceso de selecci\u00f3n de:<\/p>\n<ul style=\"list-style: none;\">\n<li>\u00a0Consulta Medicina General<\/li>\n<li>\u00a0Consulta Prioritaria<\/li>\n<li>\u00a0Consulta especializada en Cirug\u00eda General<\/li>\n<li>\u00a0Consulta especializada en Ginecolog\u00eda<\/li>\n<li>\u00a0Urolog\u00eda,<\/li>\n<li>\u00a0Cirug\u00eda General<\/li>\n<li>\u00a0Cirug\u00eda Ginecol\u00f3gica<\/li>\n<li>\u00a0Cirug\u00eda de cabeza y cuello<\/li>\n<li>\u00a0Cirug\u00eda ortop\u00e9dica<\/li>\n<\/ul>\n<ul style=\"list-style: none;\">\n<li>\u00a0Cirug\u00eda maxilofacial<\/li>\n<li>\u00a0Cirug\u00eda Pl\u00e1stica<\/li>\n<li>\u00a0Otorrinolaringolog\u00eda<\/li>\n<li>\u00a0Radiolog\u00eda<\/li>\n<li>\u00a0Ecograf\u00edas<\/li>\n<li>\u00a0Electrocardiograma<\/li>\n<li>\u00a0Laboratorio cl\u00ednico<\/li>\n<li>\u00a0Hospitalizaci\u00f3n<\/li>\n<\/ul>\n<p>De I y II Nivel de Complejidad, Estamos ubicados en la Calle 57 No. 24 \u2013 09 de la ciudad de Barranquilla, con licencia para funcionar.<\/p>\n<p>Estamos en capacidad de desarrollar con eficiencia y eficacia cada uno de los servicios que ofrecemos con personal capacitado para cada una de estas labores.<\/p>\n<p>Misi\u00f3n<\/p>\n<p>Somos una instituci\u00f3n prestadora de servicios M\u00e9dico Quir\u00fargico, ubicada en la ciudad de Barranquilla, cuyo principal objetivo es mejorar la salud, el bienestar y la calidad de vida de nuestras pacientes, prestando un \u00f3ptimo servicio de salud en una forma integral, oportuna y eficaz.<\/p>\n<p>Como empresa social y rentable generamos progreso y confianza en nuestro medio, disponemos de tecnolog\u00eda e infraestructura suficiente y apropiada para satisfacer las necesidades y expectativas de nuestros clientes.<\/p>\n<p>Contamos con un recurso humano multidisciplinario con visi\u00f3n integral lo que permite que nuestro desempe\u00f1o sea guiado por los principios de respeto, autonom\u00eda, valores y cultura de los pacientes con el mayor grado de compromiso y responsabilidad.<\/p>\n<p>visi\u00f3n<\/p>\n<p>Deseamos convertirnos en una instituci\u00f3n prestadora de servicios M\u00e9dicos Quir\u00fargicos de tercer nivel proporcionado un inmejorable servicio de Cirug\u00eda, Urgencia, Hospitalizaci\u00f3n, Cuidados intensivos y ampliar la cobertura de servicios en la ciudad de Barranquilla, manteniendo siempre la visi\u00f3n integral y hol\u00edstica de la medicina actual, con un \u00e9nfasis hacia la promoci\u00f3n de la salud y prevenci\u00f3n de la enfermedad, con auditora de todos sus procesos, procurando un mejoramiento continuo, orientada a satisfacer las necesidades de nuestros pacientes con el prop\u00f3sito de lograr un posicionamiento en el competido mercado de la salud, poseemos autonom\u00eda administrativa, t\u00e9cnica y financiera.<\/p>\n<p>Prestamos una atenci\u00f3n humanizada, contamos con un excelente recurso humano, gracias a una selecci\u00f3n previa de reconocidos especialistas, a un control y seguimiento de gesti\u00f3n, garantizamos una prestaci\u00f3n de servicios eficientes.<\/p>\n<h2>VALORES CORPORATIVOS<\/h2>\n<p>Para cumplir con su objetivo LA IPS CLINICA BETEL \u00a0fundamenta su actuaci\u00f3n en los siguientes principios b\u00e1sicos:<\/p>\n<h2>CALIDAD<\/h2>\n<p>La calidad asignada en la atenci\u00f3n integral en los diferentes servicios prestados a los usuarios de una manera oportuna, personalizada, humanizada de acuerdo a los diferentes patrones fijados y aceptados mediante los protocolos, procedimientos cient\u00edficos, t\u00e9cnicos y administrativos de acuerdo con la utilizaci\u00f3n de tecnolog\u00edas apropiada seg\u00fan las especificaciones de cada servicio y la normatividad vigente<\/p>\n<h2>COMPROMISO SOCIAL<\/h2>\n<p>El Compromiso Social entendido como la disposici\u00f3n para mejorar la salud integral de todos los usuarios que soliciten nuestros servicios.<\/p>\n<h2>EFICIENCIA<\/h2>\n<p>La eficiencia concebida como la optimizaci\u00f3n del recurso humano para brindarle los mejores servicios en salud a toda la comunidad en general<\/p>\n<h2><strong>OPORTUNIDAD:<\/strong><\/h2>\n<p>Atenci\u00f3n inmediata a todos los usuarios en la medida que lo determine sus necesidades particulares de salud.<\/p>\n<h2>POLITICA DE CALIDAD<\/h2>\n<p>Para LA <strong>IPS CLINICA BETEL<\/strong>\u00a0lo m\u00e1s importante es tener la satisfacci\u00f3n de las necesidades de nuestros\u00a0 pacientes, funcionarios y partes interesadas mediante un mejoramiento continuo de la atenci\u00f3n y la prestaci\u00f3n de nuestros servicios, por medio de la atenci\u00f3n oportuna humanizada basada en los principios de calidad, compromiso social, eficiencia y oportunidad.<\/p>\n<h2>POLITICA DE SEGURIDAD DEL PACIENTE<\/h2>\n<p>Con la pol\u00edtica de seguridad del paciente LA <strong>IPS CLINICA BETEL<\/strong>\u00a0tiene como objetivo establecer un entorno seguro de atenci\u00f3n en salud dentro de la instituci\u00f3n, al paciente y su familia. Definir criterios comunes para el an\u00e1lisis de incidentes y eventos adversos que ocurran en la instituci\u00f3n<\/p>\n<h2>MARCO LEGAL<\/h2>\n<p><strong>IPS CL\u00cdNICA BETEL S.A.S, <\/strong>ha sido constituida mediante Documento Privado de Junio 12 del 2014 \u00a0otorgado en Barranquilla e inscrito en C\u00e1mara de Comercio de Barranquilla, Matricula 599134\u00a0 el 26 de Junio del 2014 bajo el No. 270.138 del libro SAS respectivo. La direcci\u00f3n de Impuestos y Aduanas Nacionales le asign\u00f3 el n\u00famero de identificaci\u00f3n Tributaria Nit 900.744.456-2. Licencia de Funcionamiento No. 08 001.03876-01 expedida en el Departamento Administrativo Distrital de Salud de Barranquilla el 18 de septiembre del 2014.<\/p>\n<h2>TARIFAS CONCERTADAS CON LAS RESPECTIVAS E.P.S.<br \/>\n<\/h2>\n<p>Los servicios de salud prestados se facturaran a las tarifas y modalidad de contrataci\u00f3n pactadas entre las partes. Estas modalidades de contrataci\u00f3n podr\u00e1n efectuarse por c\u00e1pita, evento o paquete de servicios de salud.<\/p>\n<p>Tarifa para pacientes particulares a un precio m\u00f3dico, accesible y con una excelente prestaci\u00f3n.<\/p>\n<h2>ESTRUCTURA ORGANIZACIONAL<\/h2>\n<p>La estructura organizacional abarca varias \u00e1reas de atenci\u00f3n cuyo funcionamiento coordinado permite el desarrollo de sus procesos en forma arm\u00f3nica y eficaz.<\/p>\n<p>Se fijan funciones las cuales est\u00e1n normalizadas en el manual de funciones, en el cual se establecen claramente los niveles de mando y responsabilidad de cada funcionario.<br \/>El nivel de autoridad esta dado de la siguiente manera:<\/p>\n<ul style=\"list-style: none;\">\n<li>\u00a0Gerente<\/li>\n<li>\u00a0Administrador<\/li>\n<li>\u00a0coordinadores de Departamento<\/li>\n<li>\u00a0Administrativos<\/li>\n<li>\u00a0Asistenciales<\/li>\n<li>\u00a0Operarios<\/li>\n<\/ul>\n<p>En cuanto a la delegaci\u00f3n de funciones el Gerente conf\u00eda la orientaci\u00f3n de los servicios M\u00e9dico Quir\u00fargico a la administraci\u00f3n quienes a su vez delegan en los Coordinadores de Departamentos el correcto funcionamiento, la organizaci\u00f3n interna de sus servicios, su gesti\u00f3n y control.<\/p>\n<p>EXPERIENCIA<\/p>\n<p>IPS CLINICA BETEL S.A.S inicio actividad de prestaci\u00f3n de servicios de salud el 30 de junio del 2002 constituida como persona natural con el Nit 8.677.89-9 a nombre del Dr. Le\u00f3n Alberto Fonseca Lozano, propietario y director de la IPS.<\/p>\n<p>Con el fin de mejorar la infraestructura f\u00edsica de nuestras instalaciones y teniendo en cuenta el dinamismo y demanda del sector salud\u00a0 decidimos interrumpir la prestaci\u00f3n de servicios, reiniciando como\u00a0 persona Jur\u00eddica el 26 de Junio del 2014 con el NIT 900.744.456-2, ampliando nuestro portafolio de servicios.<\/p>\n<p>Contamos con la experiencia de un selecto grupo de profesionales del sector salud dirigidos por el Dr. Le\u00f3n Fonseca Lozano, reconocido cirujano general, vascular y coloproct\u00f3logo quien en su vasta experiencia de 28 a\u00f1os, en la cl\u00ednica Jaller, Cl\u00ednica de la Costa, Cl\u00ednica Semin, Hospital de Barranquilla, y Camino Adelita de Char ha forjado una pol\u00edtica de calidad y \u00e9tica con alt\u00edsimos valores en sus actuaciones.<\/p>\n<p>Hemos prestado servicios a las eps:<\/p>\n<ul style=\"list-style: none;\">\n<li>\u00a0ASOCIACI\u00d3N MUTUAL BARRIOS UNIDOS DE QUIBD\u00d3<\/li>\n<li>\u00a0SELVASALUD (EN LIQUIDACI\u00d3N)<\/li>\n<li>\u00a0CAPRECOM-INPEC<\/li>\n<\/ul>\n<ul style=\"list-style: none;\">\n<li>\u00a0CAJACOPI EPS-S (actualidad)<\/li>\n<li>\u00a0NUEVA EPS (actualidad)<\/li>\n<\/ul>\n<p>CONVENIOS<\/p>\n<figure><img decoding=\"async\" src=\"http:\/\/globalbusinet.com\/clinicabetel\/wp-content\/uploads\/2018\/05\/convenio_04.jpg\" alt=\"convenio_04\" \/><\/figure>\n<figure><img decoding=\"async\" src=\"http:\/\/globalbusinet.com\/clinicabetel\/wp-content\/uploads\/2018\/05\/convenio_05-.jpg\" alt=\"convenio_05-\" \/><\/figure>\n","protected":false},"excerpt":{"rendered":"<p>\u00bf Quienes Somos ? La IPS CLINICA BETEL S.A.S fue creada en el 2002 como persona natural y en el 2014 nos transformamos a persona jur\u00eddica con la misi\u00f3n de propiciar a la poblaci\u00f3n residente en la Costa Norte de Colombia una excelente prestaci\u00f3n de Servicios de Seguridad Social en Salud tal y como lo [&hellip;]<\/p>\n","protected":false},"author":1,"featured_media":0,"parent":0,"menu_order":0,"comment_status":"closed","ping_status":"closed","template":"","meta":{"footnotes":""},"_links":{"self":[{"href":"https:\/\/www.ipsclinicabetel.com.co\/index.php\/wp-json\/wp\/v2\/pages\/108"}],"collection":[{"href":"https:\/\/www.ipsclinicabetel.com.co\/index.php\/wp-json\/wp\/v2\/pages"}],"about":[{"href":"https:\/\/www.ipsclinicabetel.com.co\/index.php\/wp-json\/wp\/v2\/types\/page"}],"author":[{"embeddable":true,"href":"https:\/\/www.ipsclinicabetel.com.co\/index.php\/wp-json\/wp\/v2\/users\/1"}],"replies":[{"embeddable":true,"href":"https:\/\/www.ipsclinicabetel.com.co\/index.php\/wp-json\/wp\/v2\/comments?post=108"}],"version-history":[{"count":61,"href":"https:\/\/www.ipsclinicabetel.com.co\/index.php\/wp-json\/wp\/v2\/pages\/108\/revisions"}],"predecessor-version":[{"id":516,"href":"https:\/\/www.ipsclinicabetel.com.co\/index.php\/wp-json\/wp\/v2\/pages\/108\/revisions\/516"}],"wp:attachment":[{"href":"https:\/\/www.ipsclinicabetel.com.co\/index.php\/wp-json\/wp\/v2\/media?parent=108"}],"curies":[{"name":"wp","href":"https:\/\/api.w.org\/{rel}","templated":true}]}}