{"id":112,"date":"2018-05-30T21:54:20","date_gmt":"2018-05-30T21:54:20","guid":{"rendered":"http:\/\/globalbusinet.com\/clinicabetel\/?page_id=112"},"modified":"2018-06-01T20:35:24","modified_gmt":"2018-06-01T20:35:24","slug":"instalaciones","status":"publish","type":"page","link":"https:\/\/www.ipsclinicabetel.com.co\/index.php\/instalaciones\/","title":{"rendered":"Instalaciones"},"content":{"rendered":"<figure><img decoding=\"async\" src=\"http:\/\/globalbusinet.com\/clinicabetel\/wp-content\/uploads\/2018\/05\/banner_img_03.jpg\" alt=\"banner_img_03\" \/><\/figure>\n<header id=\"header_principal\">\n<h3>Instalaciones<\/h3>\n<\/header>\n<p>CAPACIDAD INSTALADA<\/p>\n<p><strong>IPS CL\u00cdNICA BETEL S.A.S, <\/strong>es una Instituci\u00f3n de car\u00e1cter privado, consiste en una edificaci\u00f3n de una planta dotada con aire acondicionado. En esta edificaci\u00f3n se encuentra debidamente condicionadas y dotadas t\u00e9cnicamente las siguientes \u00e1reas:<\/p>\n<style type='text\/css'>\n\t\t\t#gallery-1 {\n\t\t\t\tmargin: auto;\n\t\t\t}\n\t\t\t#gallery-1 .gallery-item {\n\t\t\t\tfloat: left;\n\t\t\t\tmargin-top: 10px;\n\t\t\t\ttext-align: center;\n\t\t\t\twidth: 25%;\n\t\t\t}\n\t\t\t#gallery-1 img {\n\t\t\t\tborder: 2px solid #cfcfcf;\n\t\t\t}\n\t\t\t#gallery-1 .gallery-caption {\n\t\t\t\tmargin-left: 0;\n\t\t\t}\n\t\t\t\/* see gallery_shortcode() in wp-includes\/media.php *\/\n\t\t<\/style>\n<dl class='gallery-item'>\n<dt class='gallery-icon landscape'>\n\t\t\t\t<a data-elementor-open-lightbox=\"default\" data-elementor-lightbox-slideshow=\"8deeb44\" href='http:\/\/globalbusinet.com\/clinicabetel\/wp-content\/uploads\/2018\/05\/img_19.jpg'><img loading=\"lazy\" decoding=\"async\" width=\"150\" height=\"150\" src=\"http:\/\/globalbusinet.com\/clinicabetel\/wp-content\/uploads\/2018\/05\/img_19-150x150.jpg\" alt=\"\" \/><\/a>\n\t\t\t<\/dt>\n<\/dl>\n<dl class='gallery-item'>\n<dt class='gallery-icon landscape'>\n\t\t\t\t<a data-elementor-open-lightbox=\"default\" data-elementor-lightbox-slideshow=\"8deeb44\" href='http:\/\/globalbusinet.com\/clinicabetel\/wp-content\/uploads\/2018\/05\/img_18.jpg'><img loading=\"lazy\" decoding=\"async\" width=\"150\" height=\"150\" src=\"http:\/\/globalbusinet.com\/clinicabetel\/wp-content\/uploads\/2018\/05\/img_18-150x150.jpg\" alt=\"\" \/><\/a>\n\t\t\t<\/dt>\n<\/dl>\n<dl class='gallery-item'>\n<dt class='gallery-icon portrait'>\n\t\t\t\t<a data-elementor-open-lightbox=\"default\" data-elementor-lightbox-slideshow=\"8deeb44\" href='http:\/\/globalbusinet.com\/clinicabetel\/wp-content\/uploads\/2018\/05\/img_17.jpg'><img loading=\"lazy\" decoding=\"async\" width=\"150\" height=\"150\" src=\"http:\/\/globalbusinet.com\/clinicabetel\/wp-content\/uploads\/2018\/05\/img_17-150x150.jpg\" alt=\"\" \/><\/a>\n\t\t\t<\/dt>\n<\/dl>\n<dl class='gallery-item'>\n<dt class='gallery-icon portrait'>\n\t\t\t\t<a data-elementor-open-lightbox=\"default\" data-elementor-lightbox-slideshow=\"8deeb44\" href='http:\/\/globalbusinet.com\/clinicabetel\/wp-content\/uploads\/2018\/05\/img_16.jpg'><img loading=\"lazy\" decoding=\"async\" width=\"150\" height=\"150\" src=\"http:\/\/globalbusinet.com\/clinicabetel\/wp-content\/uploads\/2018\/05\/img_16-150x150.jpg\" alt=\"\" \/><\/a>\n\t\t\t<\/dt>\n<\/dl>\n<p><br style=\"clear: both\" \/><\/p>\n<dl class='gallery-item'>\n<dt class='gallery-icon portrait'>\n\t\t\t\t<a data-elementor-open-lightbox=\"default\" data-elementor-lightbox-slideshow=\"8deeb44\" href='http:\/\/globalbusinet.com\/clinicabetel\/wp-content\/uploads\/2018\/05\/img_15.jpg'><img loading=\"lazy\" decoding=\"async\" width=\"150\" height=\"150\" src=\"http:\/\/globalbusinet.com\/clinicabetel\/wp-content\/uploads\/2018\/05\/img_15-150x150.jpg\" alt=\"\" \/><\/a>\n\t\t\t<\/dt>\n<\/dl>\n<dl class='gallery-item'>\n<dt class='gallery-icon landscape'>\n\t\t\t\t<a data-elementor-open-lightbox=\"default\" data-elementor-lightbox-slideshow=\"8deeb44\" href='http:\/\/globalbusinet.com\/clinicabetel\/wp-content\/uploads\/2018\/05\/img_14.jpg'><img loading=\"lazy\" decoding=\"async\" width=\"150\" height=\"150\" src=\"http:\/\/globalbusinet.com\/clinicabetel\/wp-content\/uploads\/2018\/05\/img_14-150x150.jpg\" alt=\"\" \/><\/a>\n\t\t\t<\/dt>\n<\/dl>\n<dl class='gallery-item'>\n<dt class='gallery-icon landscape'>\n\t\t\t\t<a data-elementor-open-lightbox=\"default\" data-elementor-lightbox-slideshow=\"8deeb44\" href='http:\/\/globalbusinet.com\/clinicabetel\/wp-content\/uploads\/2018\/05\/img_13.jpg'><img loading=\"lazy\" decoding=\"async\" width=\"150\" height=\"150\" src=\"http:\/\/globalbusinet.com\/clinicabetel\/wp-content\/uploads\/2018\/05\/img_13-150x150.jpg\" alt=\"\" \/><\/a>\n\t\t\t<\/dt>\n<\/dl>\n<dl class='gallery-item'>\n<dt class='gallery-icon portrait'>\n\t\t\t\t<a data-elementor-open-lightbox=\"default\" data-elementor-lightbox-slideshow=\"8deeb44\" href='http:\/\/globalbusinet.com\/clinicabetel\/wp-content\/uploads\/2018\/05\/img_9.jpg'><img loading=\"lazy\" decoding=\"async\" width=\"150\" height=\"150\" src=\"http:\/\/globalbusinet.com\/clinicabetel\/wp-content\/uploads\/2018\/05\/img_9-150x150.jpg\" alt=\"\" \/><\/a>\n\t\t\t<\/dt>\n<\/dl>\n<p><br style=\"clear: both\" \/><\/p>\n<dl class='gallery-item'>\n<dt class='gallery-icon portrait'>\n\t\t\t\t<a data-elementor-open-lightbox=\"default\" data-elementor-lightbox-slideshow=\"8deeb44\" href='http:\/\/globalbusinet.com\/clinicabetel\/wp-content\/uploads\/2018\/05\/img_8.jpg'><img loading=\"lazy\" decoding=\"async\" width=\"150\" height=\"150\" src=\"http:\/\/globalbusinet.com\/clinicabetel\/wp-content\/uploads\/2018\/05\/img_8-150x150.jpg\" alt=\"\" \/><\/a>\n\t\t\t<\/dt>\n<\/dl>\n<dl class='gallery-item'>\n<dt class='gallery-icon portrait'>\n\t\t\t\t<a data-elementor-open-lightbox=\"default\" data-elementor-lightbox-slideshow=\"8deeb44\" href='http:\/\/globalbusinet.com\/clinicabetel\/wp-content\/uploads\/2018\/05\/img_7.jpg'><img loading=\"lazy\" decoding=\"async\" width=\"150\" height=\"150\" src=\"http:\/\/globalbusinet.com\/clinicabetel\/wp-content\/uploads\/2018\/05\/img_7-150x150.jpg\" alt=\"\" \/><\/a>\n\t\t\t<\/dt>\n<\/dl>\n<dl class='gallery-item'>\n<dt class='gallery-icon landscape'>\n\t\t\t\t<a data-elementor-open-lightbox=\"default\" data-elementor-lightbox-slideshow=\"8deeb44\" href='http:\/\/globalbusinet.com\/clinicabetel\/wp-content\/uploads\/2018\/05\/img_6.jpg'><img loading=\"lazy\" decoding=\"async\" width=\"150\" height=\"150\" src=\"http:\/\/globalbusinet.com\/clinicabetel\/wp-content\/uploads\/2018\/05\/img_6-150x150.jpg\" alt=\"\" \/><\/a>\n\t\t\t<\/dt>\n<\/dl>\n<dl class='gallery-item'>\n<dt class='gallery-icon landscape'>\n\t\t\t\t<a data-elementor-open-lightbox=\"default\" data-elementor-lightbox-slideshow=\"8deeb44\" href='http:\/\/globalbusinet.com\/clinicabetel\/wp-content\/uploads\/2018\/05\/banner_img_05.jpg'><img loading=\"lazy\" decoding=\"async\" width=\"150\" height=\"150\" src=\"http:\/\/globalbusinet.com\/clinicabetel\/wp-content\/uploads\/2018\/05\/banner_img_05-150x150.jpg\" alt=\"\" \/><\/a>\n\t\t\t<\/dt>\n<\/dl>\n<p><br style=\"clear: both\" \/><\/p>\n<dl class='gallery-item'>\n<dt class='gallery-icon landscape'>\n\t\t\t\t<a data-elementor-open-lightbox=\"default\" data-elementor-lightbox-slideshow=\"8deeb44\" href='http:\/\/globalbusinet.com\/clinicabetel\/wp-content\/uploads\/2018\/05\/img_0.jpg'><img loading=\"lazy\" decoding=\"async\" width=\"150\" height=\"150\" src=\"http:\/\/globalbusinet.com\/clinicabetel\/wp-content\/uploads\/2018\/05\/img_0-150x150.jpg\" alt=\"\" \/><\/a>\n\t\t\t<\/dt>\n<\/dl>\n<dl class='gallery-item'>\n<dt class='gallery-icon landscape'>\n\t\t\t\t<a data-elementor-open-lightbox=\"default\" data-elementor-lightbox-slideshow=\"8deeb44\" href='http:\/\/globalbusinet.com\/clinicabetel\/wp-content\/uploads\/2018\/05\/img_1.jpg'><img loading=\"lazy\" decoding=\"async\" width=\"150\" height=\"150\" src=\"http:\/\/globalbusinet.com\/clinicabetel\/wp-content\/uploads\/2018\/05\/img_1-150x150.jpg\" alt=\"\" \/><\/a>\n\t\t\t<\/dt>\n<\/dl>\n<dl class='gallery-item'>\n<dt class='gallery-icon landscape'>\n\t\t\t\t<a data-elementor-open-lightbox=\"default\" data-elementor-lightbox-slideshow=\"8deeb44\" href='http:\/\/globalbusinet.com\/clinicabetel\/wp-content\/uploads\/2018\/05\/img_2.jpg'><img loading=\"lazy\" decoding=\"async\" width=\"150\" height=\"150\" src=\"http:\/\/globalbusinet.com\/clinicabetel\/wp-content\/uploads\/2018\/05\/img_2-150x150.jpg\" alt=\"\" \/><\/a>\n\t\t\t<\/dt>\n<\/dl>\n<dl class='gallery-item'>\n<dt class='gallery-icon landscape'>\n\t\t\t\t<a data-elementor-open-lightbox=\"default\" data-elementor-lightbox-slideshow=\"8deeb44\" href='http:\/\/globalbusinet.com\/clinicabetel\/wp-content\/uploads\/2018\/05\/img_3.jpg'><img loading=\"lazy\" decoding=\"async\" width=\"150\" height=\"150\" src=\"http:\/\/globalbusinet.com\/clinicabetel\/wp-content\/uploads\/2018\/05\/img_3-150x150.jpg\" alt=\"\" \/><\/a>\n\t\t\t<\/dt>\n<\/dl>\n<p><br style=\"clear: both\" \/><\/p>\n<dl class='gallery-item'>\n<dt class='gallery-icon landscape'>\n\t\t\t\t<a data-elementor-open-lightbox=\"default\" data-elementor-lightbox-slideshow=\"8deeb44\" href='http:\/\/globalbusinet.com\/clinicabetel\/wp-content\/uploads\/2018\/05\/img_4.jpg'><img loading=\"lazy\" decoding=\"async\" width=\"150\" height=\"150\" src=\"http:\/\/globalbusinet.com\/clinicabetel\/wp-content\/uploads\/2018\/05\/img_4-150x150.jpg\" alt=\"\" \/><\/a>\n\t\t\t<\/dt>\n<\/dl>\n<dl class='gallery-item'>\n<dt class='gallery-icon landscape'>\n\t\t\t\t<a data-elementor-open-lightbox=\"default\" data-elementor-lightbox-slideshow=\"8deeb44\" href='http:\/\/globalbusinet.com\/clinicabetel\/wp-content\/uploads\/2018\/05\/img_10.jpg'><img loading=\"lazy\" decoding=\"async\" width=\"150\" height=\"150\" src=\"http:\/\/globalbusinet.com\/clinicabetel\/wp-content\/uploads\/2018\/05\/img_10-150x150.jpg\" alt=\"\" \/><\/a>\n\t\t\t<\/dt>\n<\/dl>\n<dl class='gallery-item'>\n<dt class='gallery-icon landscape'>\n\t\t\t\t<a data-elementor-open-lightbox=\"default\" data-elementor-lightbox-slideshow=\"8deeb44\" href='http:\/\/globalbusinet.com\/clinicabetel\/wp-content\/uploads\/2018\/05\/img_11.jpg'><img loading=\"lazy\" decoding=\"async\" width=\"150\" height=\"150\" src=\"http:\/\/globalbusinet.com\/clinicabetel\/wp-content\/uploads\/2018\/05\/img_11-150x150.jpg\" alt=\"\" \/><\/a>\n\t\t\t<\/dt>\n<\/dl>\n<dl class='gallery-item'>\n<dt class='gallery-icon landscape'>\n\t\t\t\t<a data-elementor-open-lightbox=\"default\" data-elementor-lightbox-slideshow=\"8deeb44\" href='http:\/\/globalbusinet.com\/clinicabetel\/wp-content\/uploads\/2018\/05\/img_12.jpg'><img loading=\"lazy\" decoding=\"async\" width=\"150\" height=\"150\" src=\"http:\/\/globalbusinet.com\/clinicabetel\/wp-content\/uploads\/2018\/05\/img_12-150x150.jpg\" alt=\"\" \/><\/a>\n\t\t\t<\/dt>\n<\/dl>\n<p><br style=\"clear: both\" \/><\/p>\n<dl class='gallery-item'>\n<dt class='gallery-icon landscape'>\n\t\t\t\t<a data-elementor-open-lightbox=\"default\" data-elementor-lightbox-slideshow=\"8deeb44\" href='http:\/\/globalbusinet.com\/clinicabetel\/wp-content\/uploads\/2018\/05\/img_5.jpg'><img loading=\"lazy\" decoding=\"async\" width=\"150\" height=\"150\" src=\"http:\/\/globalbusinet.com\/clinicabetel\/wp-content\/uploads\/2018\/05\/img_5-150x150.jpg\" alt=\"\" \/><\/a>\n\t\t\t<\/dt>\n<\/dl>\n<p>\t\t\t<br style='clear: both' \/><\/p>\n<h2>AREA CONSULTA EXTERNA<br \/>\n<\/h2>\n<ul style=\"list-style: none;\">\n<li>sala de espera<\/li>\n<li>Consultorio medicina general<\/li>\n<li>Consultorio de medicina especializada Ginecolog\u00eda, Cirug\u00eda General, ortopedia, urolog\u00eda<\/li>\n<li>Oficina Atenci\u00f3n al usuario. (SIAU).<\/li>\n<li>Admisi\u00f3n de Usuarios<\/li>\n<li>Toma de muestra de laboratorio<\/li>\n<\/ul>\n<h2>AREA DE CIRUGIA<br \/>\n<\/h2>\n<ul style=\"list-style: none;\">\n<li>Sala de preparaci\u00f3n de pacientes de cirug\u00eda programada con (2) Dos camas<\/li>\n<li>1 Quir\u00f3fano dotado con equipos de \u00faltima tecnolog\u00eda<\/li>\n<li>1Sala de Esterilizaci\u00f3n con equipo de autoclave<\/li>\n<li>1 Sala de recuperaci\u00f3n Post- Quir\u00fargica dotada de (2) camas<\/li>\n<li>1 \u00c1rea de Stock de equipos quir\u00fargicos y paquetes de cirug\u00eda.<\/li>\n<\/ul>\n<h2>AREA DE PARTO BAJA COMPLEJIDAD<\/h2>\n<ul style=\"list-style: none;\">\n<li>1 Sala Preparto dotada con\u00a0 (2) Camas<\/li>\n<li>1 Sala de Parto dotada con (1) una camilla<\/li>\n<li>1 Sala Postparto dotada de (2) camas<\/li>\n<\/ul>\n<h2>AREA DE ATENCION AL RECIEN NACIDO<\/h2>\n<ul style=\"list-style: none;\">\n<li>1 Sala de cuidados para la atenci\u00f3n del reci\u00e9n Nacido<\/li>\n<li>1 Una Incubadora<\/li>\n<li>1 cuna.<\/li>\n<li>1 \u00e1rea de vacunaci\u00f3n a Reci\u00e9n Nacido<\/li>\n<\/ul>\n<h2>AREA DE HOSPITALIZACION<\/h2>\n<ul style=\"list-style: none;\">\n<li>2 Habitaciones unipersonales con aire, ba\u00f1o, televisi\u00f3n, sistema llamado de urgencias, oxigeno central<\/li>\n<li>Estaci\u00f3n de Enfermer\u00eda<\/li>\n<li>Sala de estar de Especialistas<\/li>\n<\/ul>\n<h2>AREA DE IMAGENEOLOGIAS<br \/>\n<\/h2>\n<ul style=\"list-style: none;\">\n<li>Sala de Rx de primer nivel de complejidad con lectura digital<\/li>\n<li>Sala de ecograf\u00edas y monitoreo fetal<\/li>\n<li>Sala Electrocardiograma<\/li>\n<li>Sala de espera para servicio de apoyo Diagn\u00f3sticos<\/li>\n<\/ul>\n<h2>AREA  ADMINISTRATIVAS<br \/>\n<\/h2>\n<ul style=\"list-style: none;\">\n<li>Oficina de coordinaci\u00f3n administrativa<\/li>\n<li>Atenci\u00f3n al usuario SIAU,<\/li>\n<li>Admisiones- facturaci\u00f3n<\/li>\n<li>Contabilidad \u2013 archivo -estad\u00edsticas<\/li>\n<\/ul>\n<h2>FARMACIA<\/h2>\n<ul style=\"list-style: none;\">\n<li>1 \u00e1rea de almacenamiento y dispensaci\u00f3n de medicamentos hospitalarios.<\/li>\n<\/ul>\n<h2>AREA DE SOPORTE<br \/>\n<\/h2>\n<ul style=\"list-style: none;\">\n<li>Planta El\u00e9ctrica<\/li>\n<li>Tanque de agua<\/li>\n<li>Dep\u00f3sito de Gases Medicinales<\/li>\n<li>Sala de almacenamiento de ropa<\/li>\n<li>\u00c1rea de Lavander\u00eda<\/li>\n<li>\u00c1rea de trabajo Sucio<\/li>\n<li>Cuarto de Aseo<\/li>\n<li>Cuarto de dep\u00f3sito de residuos<\/li>\n<li>Zona de parqueo<\/li>\n<\/ul>\n<h2>AREA DE UNIDAD TRANSFUNCIONAL<br \/>\n<\/h2>\n<ul style=\"list-style: none;\">\n<li>1 sala de unidad transfuncional.<\/li>\n<\/ul>\n","protected":false},"excerpt":{"rendered":"<p>Instalaciones CAPACIDAD INSTALADA IPS CL\u00cdNICA BETEL S.A.S, es una Instituci\u00f3n de car\u00e1cter privado, consiste en una edificaci\u00f3n de una planta dotada con aire acondicionado. En esta edificaci\u00f3n se encuentra debidamente condicionadas y dotadas t\u00e9cnicamente las siguientes \u00e1reas: AREA CONSULTA EXTERNA sala de espera Consultorio medicina general Consultorio de medicina especializada Ginecolog\u00eda, Cirug\u00eda General, ortopedia, urolog\u00eda [&hellip;]<\/p>\n","protected":false},"author":1,"featured_media":0,"parent":0,"menu_order":0,"comment_status":"closed","ping_status":"closed","template":"","meta":{"footnotes":""},"_links":{"self":[{"href":"https:\/\/www.ipsclinicabetel.com.co\/index.php\/wp-json\/wp\/v2\/pages\/112"}],"collection":[{"href":"https:\/\/www.ipsclinicabetel.com.co\/index.php\/wp-json\/wp\/v2\/pages"}],"about":[{"href":"https:\/\/www.ipsclinicabetel.com.co\/index.php\/wp-json\/wp\/v2\/types\/page"}],"author":[{"embeddable":true,"href":"https:\/\/www.ipsclinicabetel.com.co\/index.php\/wp-json\/wp\/v2\/users\/1"}],"replies":[{"embeddable":true,"href":"https:\/\/www.ipsclinicabetel.com.co\/index.php\/wp-json\/wp\/v2\/comments?post=112"}],"version-history":[{"count":26,"href":"https:\/\/www.ipsclinicabetel.com.co\/index.php\/wp-json\/wp\/v2\/pages\/112\/revisions"}],"predecessor-version":[{"id":424,"href":"https:\/\/www.ipsclinicabetel.com.co\/index.php\/wp-json\/wp\/v2\/pages\/112\/revisions\/424"}],"wp:attachment":[{"href":"https:\/\/www.ipsclinicabetel.com.co\/index.php\/wp-json\/wp\/v2\/media?parent=112"}],"curies":[{"name":"wp","href":"https:\/\/api.w.org\/{rel}","templated":true}]}}