{"id":114,"date":"2018-05-30T21:54:43","date_gmt":"2018-05-30T21:54:43","guid":{"rendered":"http:\/\/globalbusinet.com\/clinicabetel\/?page_id=114"},"modified":"2018-06-15T20:29:12","modified_gmt":"2018-06-15T20:29:12","slug":"horario-de-atencion","status":"publish","type":"page","link":"https:\/\/www.ipsclinicabetel.com.co\/index.php\/horario-de-atencion\/","title":{"rendered":"Horario de Atencion"},"content":{"rendered":"<figure><img decoding=\"async\" src=\"http:\/\/globalbusinet.com\/clinicabetel\/wp-content\/uploads\/2018\/05\/img_3.jpg\" alt=\"img_3\" \/><\/figure>\n<header id=\"header_principal\">\n<h3>Horario de Atencion<\/h3>\n<\/header>\n<p>ATENCI\u00f3N AL USUARIO<\/p>\n<p>Nuestra capacidad de atenci\u00f3n responde a la demanda de usuarios de forma diaria oportuna, e integral con los m\u00e1s altos est\u00e1ndares de calidad, eficiencia y racionalidad cient\u00edfica y l\u00f3gica acompa\u00f1ado de un inmutable compromiso \u00e9tico de nuestros profesionales.<\/p>\n<h2>HOSPITALIZACI\u00d3N<\/h2>\n<p>\t\thorario de atenci\u00f3n jornada continua las <strong>24:00<\/strong> horas del d\u00eda, los siete d\u00edas de la semana.\t\t<\/p>\n<h2>SERVICIOS AMBULATORIOS Y CONSULTA EXTERNA <\/h2>\n<p> Lunes a Viernes de <strong>8:00 Am<\/strong> &#8211; <strong>12:00 Pm<\/strong> y de <strong>2:00 Pm<\/strong> &#8211; <strong>6:00 Pm<\/strong>.<br \/> S\u00e1bados de <strong>8:00 am<\/strong> &#8211; <strong>12:00 pm.<\/strong><br \/> Toma de Muestra de Laboratorio de <strong>7:00 am<\/strong> &#8211; <strong>9:00 am.<\/strong><\/p>\n<p>Lineas de ATENCI\u00d3N<\/p>\n<p><strong style=\"color: #125e7f;\">Tel\u00e9fonos:<\/strong> (+57) (5) 3469010, (+57) (5) 3702917- 3796087<\/p>\n<p><strong style=\"color: #125e7f;\">Celular:<\/strong> (+57) 315 721 3391 (+57) 3135636040<\/p>\n<p><strong style=\"color: #125e7f;\">Correo electr\u00f3nico:<\/strong> ipsclinicabetel@gmail.com<\/p>\n<p><strong style=\"color: #125e7f;\">Direcci\u00f3n:<\/strong> Cl 57 No.24-09 barrio los Andes\u00a0 Barranquilla (Colombia)<\/p>\n","protected":false},"excerpt":{"rendered":"<p>Horario de Atencion ATENCI\u00f3N AL USUARIO Nuestra capacidad de atenci\u00f3n responde a la demanda de usuarios de forma diaria oportuna, e integral con los m\u00e1s altos est\u00e1ndares de calidad, eficiencia y racionalidad cient\u00edfica y l\u00f3gica acompa\u00f1ado de un inmutable compromiso \u00e9tico de nuestros profesionales. HOSPITALIZACI\u00d3N horario de atenci\u00f3n jornada continua las 24:00 horas del d\u00eda, [&hellip;]<\/p>\n","protected":false},"author":1,"featured_media":0,"parent":0,"menu_order":0,"comment_status":"closed","ping_status":"closed","template":"","meta":{"footnotes":""},"_links":{"self":[{"href":"https:\/\/www.ipsclinicabetel.com.co\/index.php\/wp-json\/wp\/v2\/pages\/114"}],"collection":[{"href":"https:\/\/www.ipsclinicabetel.com.co\/index.php\/wp-json\/wp\/v2\/pages"}],"about":[{"href":"https:\/\/www.ipsclinicabetel.com.co\/index.php\/wp-json\/wp\/v2\/types\/page"}],"author":[{"embeddable":true,"href":"https:\/\/www.ipsclinicabetel.com.co\/index.php\/wp-json\/wp\/v2\/users\/1"}],"replies":[{"embeddable":true,"href":"https:\/\/www.ipsclinicabetel.com.co\/index.php\/wp-json\/wp\/v2\/comments?post=114"}],"version-history":[{"count":26,"href":"https:\/\/www.ipsclinicabetel.com.co\/index.php\/wp-json\/wp\/v2\/pages\/114\/revisions"}],"predecessor-version":[{"id":466,"href":"https:\/\/www.ipsclinicabetel.com.co\/index.php\/wp-json\/wp\/v2\/pages\/114\/revisions\/466"}],"wp:attachment":[{"href":"https:\/\/www.ipsclinicabetel.com.co\/index.php\/wp-json\/wp\/v2\/media?parent=114"}],"curies":[{"name":"wp","href":"https:\/\/api.w.org\/{rel}","templated":true}]}}