{"id":116,"date":"2018-05-30T21:55:03","date_gmt":"2018-05-30T21:55:03","guid":{"rendered":"http:\/\/globalbusinet.com\/clinicabetel\/?page_id=116"},"modified":"2020-10-10T16:55:55","modified_gmt":"2020-10-10T16:55:55","slug":"contacto","status":"publish","type":"page","link":"https:\/\/www.ipsclinicabetel.com.co\/index.php\/contacto\/","title":{"rendered":"Contacto"},"content":{"rendered":"<figure><img decoding=\"async\" src=\"https:\/\/www.ipsclinicabetel.com.co\/wp-content\/uploads\/2018\/05\/banner_img_01.jpg\" alt=\"banner_img_01\" \/><\/figure>\n<header id=\"header_principal\">\n<h3>Contacto<\/h3>\n<\/header>\n<p>    Informaci\u00f3n<\/p>\n<h2>Tel\u00e9fonos<\/h2>\n<p>(+57) (5) 3469010, (+57) (5) 3702917- 3796087<\/p>\n<h2>Celular<\/h2>\n<p>(+57) 315 721 3391 (+57) 3135636040<\/p>\n<h2>Correo electr\u00f3nico<\/h2>\n<p>ipsclinicabetel@gmail.com<\/p>\n<h2>Direcci\u00f3n<\/h2>\n<p>Cl 57 No.24-09 barrio los Andes\u00a0 Barranquilla (Colombia)<\/p>\n<form id=\"form_contacto\">\n<label>Formulario de contacto<\/label><br \/>\n<input placeholder=\"Nombre Completo*\" required id=\"contacto_nombre\" type=\"text\"><br \/>\n<input placeholder=\"Correo Electronico*\" required id=\"contacto_email\" type=\"email\"><br \/>\n<input placeholder=\"Asunto*\" required id=\"contacto_asunto\" type=\"text\"><br \/>\n<textarea placeholder=\"Mensaje\" id=\"contacto_mensaje\"><\/textarea><br \/>\n<input type=\"checkbox\"><\/p>\n<p style=\"text-align:center;\"><a href=\"https:\/\/www.ipsclinicabetel.com.co\/leytransoarencia\/POLITICA%20DE%20SEGURIDAD%20DE%20INFORMACION.pdf\">Acepto politicas de tratamiento de datos personales.<\/a><\/p>\n<p><button>Enviar<\/button><br \/>\n<\/form>\n<p>\t\t\t<iframe loading=\"lazy\" src=\"https:\/\/www.google.com\/maps\/embed?pb=!1m18!1m12!1m3!1d3916.8932993993144!2d-74.8025069383735!3d10.97142589762921!2m3!1f0!2f0!3f0!3m2!1i1024!2i768!4f13.1!3m3!1m2!1s0x8ef42d472171c7d9%3A0x88dbeb3b9fef22e1!2sCLINICA+BETEL!5e0!3m2!1ses-419!2sco!4v1531505916514\" width=\"600\" height=\"450\" frameborder=\"0\" style=\"border:0\" allowfullscreen><\/iframe><\/p>\n","protected":false},"excerpt":{"rendered":"<p>Contacto Informaci\u00f3n Tel\u00e9fonos (+57) (5) 3469010, (+57) (5) 3702917- 3796087 Celular (+57) 315 721 3391 (+57) 3135636040 Correo electr\u00f3nico ipsclinicabetel@gmail.com Direcci\u00f3n Cl 57 No.24-09 barrio los Andes\u00a0 Barranquilla (Colombia) Formulario de contacto Acepto politicas de tratamiento de datos personales. Enviar<\/p>\n","protected":false},"author":1,"featured_media":0,"parent":0,"menu_order":0,"comment_status":"closed","ping_status":"closed","template":"","meta":{"footnotes":""},"_links":{"self":[{"href":"https:\/\/www.ipsclinicabetel.com.co\/index.php\/wp-json\/wp\/v2\/pages\/116"}],"collection":[{"href":"https:\/\/www.ipsclinicabetel.com.co\/index.php\/wp-json\/wp\/v2\/pages"}],"about":[{"href":"https:\/\/www.ipsclinicabetel.com.co\/index.php\/wp-json\/wp\/v2\/types\/page"}],"author":[{"embeddable":true,"href":"https:\/\/www.ipsclinicabetel.com.co\/index.php\/wp-json\/wp\/v2\/users\/1"}],"replies":[{"embeddable":true,"href":"https:\/\/www.ipsclinicabetel.com.co\/index.php\/wp-json\/wp\/v2\/comments?post=116"}],"version-history":[{"count":25,"href":"https:\/\/www.ipsclinicabetel.com.co\/index.php\/wp-json\/wp\/v2\/pages\/116\/revisions"}],"predecessor-version":[{"id":551,"href":"https:\/\/www.ipsclinicabetel.com.co\/index.php\/wp-json\/wp\/v2\/pages\/116\/revisions\/551"}],"wp:attachment":[{"href":"https:\/\/www.ipsclinicabetel.com.co\/index.php\/wp-json\/wp\/v2\/media?parent=116"}],"curies":[{"name":"wp","href":"https:\/\/api.w.org\/{rel}","templated":true}]}}