{"id":340,"date":"2018-06-01T16:46:56","date_gmt":"2018-06-01T16:46:56","guid":{"rendered":"http:\/\/globalbusinet.com\/clinicabetel\/?page_id=340"},"modified":"2018-07-11T20:08:39","modified_gmt":"2018-07-11T20:08:39","slug":"cirugia-general","status":"publish","type":"page","link":"https:\/\/www.ipsclinicabetel.com.co\/index.php\/cirugia-general\/","title":{"rendered":"Cirug\u00eda General"},"content":{"rendered":"<figure><img decoding=\"async\" src=\"http:\/\/globalbusinet.com\/clinicabetel\/wp-content\/uploads\/2018\/06\/cirugia_general.jpg\" alt=\"Cirugia General\n\t\tLeer m\u00e1s\" \/><\/figure>\n<header id=\"header_principal\">\n<h3>Cirug\u00eda General<\/h3>\n<\/header>\n<p>\t\t\t\t\t\t\t\t\t\t<img loading=\"lazy\" decoding=\"async\" width=\"630\" height=\"447\" src=\"http:\/\/globalbusinet.com\/clinicabetel\/wp-content\/uploads\/2018\/06\/Cirugia_general.jpg\" alt=\"\" srcset=\"http:\/\/globalbusinet.com\/clinicabetel\/wp-content\/uploads\/2018\/06\/Cirugia_general.jpg 630w, http:\/\/globalbusinet.com\/clinicabetel\/wp-content\/uploads\/2018\/06\/Cirugia_general-300x213.jpg 300w\" sizes=\"(max-width: 630px) 100vw, 630px\" \/>\t\t\t\t\t\t\t\t\t\t\t<\/p>\n<p>Se realizan cirug\u00edas generales de II Nivel de complejidad como:<\/p>\n<ul>\n<li>Apendicetom\u00eda<\/li>\n<li>Herniorrafia Inguinal<\/li>\n<li>Herniorrafia Umbilical<\/li>\n<li>Herniorrafia Crural.<\/li>\n<li>Colecistectom\u00eda + Exploraci\u00f3n de v\u00edas biliares<\/li>\n<li>Resecci\u00f3n de Tumores Abdominales en general<\/li>\n<li>Eventrorrafia<\/li>\n<li>Hemorroidectomia<\/li>\n<li>Resecci\u00f3n de Lipoma<\/li>\n<li>Resecci\u00f3n de Ganglio<\/li>\n<li>Resecci\u00f3n de Quiste Tiro gloso<\/li>\n<li>Mastectom\u00eda radical modificada+ vaciamiento axilar<\/li>\n<li>Tiroidectom\u00eda<\/li>\n<li>Cirug\u00eda de vias biliares<\/li>\n<li>Cirug\u00eda hepatobiliar colecistectomias<\/li>\n<li>Cirug\u00eda de colon<\/li>\n<li>Gastrectom\u00eda<\/li>\n<li>Hemicolectom\u00eda<\/li>\n<li>Cirug\u00eda de recto<\/li>\n<li>Cirug\u00eda de Es\u00f3fago<\/li>\n<\/ul>\n<p>Contamos con (4) cuatro habitaciones dotadas y destinadas para la hospitalizaci\u00f3n con capacidad para (7) siete camas y sistema de comunicaci\u00f3n con la estaci\u00f3n de enfermer\u00eda, para la mejor atenci\u00f3n del paciente.\u00a0\u00a0\u00a0\u00a0\u00a0\u00a0\u00a0\u00a0\u00a0\u00a0<\/p>\n<p>NUESTROS SERVICIOS<\/p>\n<figure><img decoding=\"async\" src=\"http:\/\/globalbusinet.com\/clinicabetel\/wp-content\/uploads\/2018\/06\/cirugia_general-300x291.jpg\" alt=\"Cirugia General\n\t\tLeer m\u00e1s\" \/><figcaption><a href=\"index.php\/cirugia-general\/\"><br \/>\n\t<img decoding=\"async\" src=\"http:\/\/globalbusinet.com\/clinicabetel\/wp-content\/uploads\/2018\/05\/servicio_01.png\"><br \/>\n\tCirugia General<br \/>\n\t<button><br \/>\n\t\tLeer m\u00e1s<br \/>\n\t<\/button><br \/>\n<\/a><\/figcaption><\/figure>\n<figure><img decoding=\"async\" src=\"http:\/\/globalbusinet.com\/clinicabetel\/wp-content\/uploads\/2018\/06\/CIRUGIAS-COLOPROCTOLOGICAS--300x291.jpg\" alt=\"CIRUGIAS COLOPROCTOLOGICAS\n\t\tLeer m\u00e1s\" \/><figcaption><a href=\"index.php\/cirugias-coloproctologica\/\"><br \/>\n\t<img decoding=\"async\" src=\"http:\/\/globalbusinet.com\/clinicabetel\/wp-content\/uploads\/2018\/05\/servicio_02.png\"><br \/>\n\tCIRUGIAS COLOPROCTOLOGICAS<br \/>\n\t<button><br \/>\n\t\tLeer m\u00e1s<br \/>\n\t<\/button><br \/>\n<\/a><\/figcaption><\/figure>\n<figure><img decoding=\"async\" src=\"http:\/\/globalbusinet.com\/clinicabetel\/wp-content\/uploads\/2018\/06\/CIRUGIAS-PLASTICAS--300x291.jpg\" alt=\"CIRUGIAS PLASTICAS\n\t\tLeer m\u00e1s\" \/><figcaption><a href=\"index.php\/cirugia-plastica\/\"><br \/>\n\t<img decoding=\"async\" src=\"http:\/\/globalbusinet.com\/clinicabetel\/wp-content\/uploads\/2018\/06\/servicio_05.png\"><br \/>\n\tCIRUGIAS PLASTICAS<br \/>\n\t<button><br \/>\n\t\tLeer m\u00e1s<br \/>\n\t<\/button><br \/>\n<\/a><\/figcaption><\/figure>\n<figure><img decoding=\"async\" src=\"http:\/\/globalbusinet.com\/clinicabetel\/wp-content\/uploads\/2018\/06\/CIRUGIAS-UROLOGICA-300x291.jpg\" alt=\"CIRUGIAS UROLOGICA\n\t\tLeer m\u00e1s\" \/><figcaption><a href=\"index.php\/cirugia-urologica\/\"><br \/>\n\t<img decoding=\"async\" src=\"http:\/\/globalbusinet.com\/clinicabetel\/wp-content\/uploads\/2018\/05\/servicio_03.png\"><br \/>\n\tCIRUGIAS UROLOGICA<br \/>\n\t<button><br \/>\n\t\tLeer m\u00e1s<br \/>\n\t<\/button><br \/>\n<\/a><\/figcaption><\/figure>\n<figure><img decoding=\"async\" src=\"http:\/\/globalbusinet.com\/clinicabetel\/wp-content\/uploads\/2018\/06\/GINECOLOGICA-OBSTETRICIA-300x291.jpg\" alt=\"GINECOLOGICA OBSTETRICIA\n\t\tLeer m\u00e1s\" \/><figcaption><a href=\"index.php\/ginecologicas-obstetricia\/\"><br \/>\n\t<img decoding=\"async\" src=\"http:\/\/globalbusinet.com\/clinicabetel\/wp-content\/uploads\/2018\/05\/servicio_04.png\"><br \/>\n\tGINECOLOGICA OBSTETRICIA<br \/>\n\t<button><br \/>\n\t\tLeer m\u00e1s<br \/>\n\t<\/button><br \/>\n<\/a><\/figcaption><\/figure>\n","protected":false},"excerpt":{"rendered":"<p>Cirug\u00eda General Se realizan cirug\u00edas generales de II Nivel de complejidad como: Apendicetom\u00eda Herniorrafia Inguinal Herniorrafia Umbilical Herniorrafia Crural. Colecistectom\u00eda + Exploraci\u00f3n de v\u00edas biliares Resecci\u00f3n de Tumores Abdominales en general Eventrorrafia Hemorroidectomia Resecci\u00f3n de Lipoma Resecci\u00f3n de Ganglio Resecci\u00f3n de Quiste Tiro gloso Mastectom\u00eda radical modificada+ vaciamiento axilar Tiroidectom\u00eda Cirug\u00eda de vias biliares Cirug\u00eda [&hellip;]<\/p>\n","protected":false},"author":1,"featured_media":0,"parent":0,"menu_order":0,"comment_status":"closed","ping_status":"closed","template":"","meta":{"footnotes":""},"_links":{"self":[{"href":"https:\/\/www.ipsclinicabetel.com.co\/index.php\/wp-json\/wp\/v2\/pages\/340"}],"collection":[{"href":"https:\/\/www.ipsclinicabetel.com.co\/index.php\/wp-json\/wp\/v2\/pages"}],"about":[{"href":"https:\/\/www.ipsclinicabetel.com.co\/index.php\/wp-json\/wp\/v2\/types\/page"}],"author":[{"embeddable":true,"href":"https:\/\/www.ipsclinicabetel.com.co\/index.php\/wp-json\/wp\/v2\/users\/1"}],"replies":[{"embeddable":true,"href":"https:\/\/www.ipsclinicabetel.com.co\/index.php\/wp-json\/wp\/v2\/comments?post=340"}],"version-history":[{"count":14,"href":"https:\/\/www.ipsclinicabetel.com.co\/index.php\/wp-json\/wp\/v2\/pages\/340\/revisions"}],"predecessor-version":[{"id":529,"href":"https:\/\/www.ipsclinicabetel.com.co\/index.php\/wp-json\/wp\/v2\/pages\/340\/revisions\/529"}],"wp:attachment":[{"href":"https:\/\/www.ipsclinicabetel.com.co\/index.php\/wp-json\/wp\/v2\/media?parent=340"}],"curies":[{"name":"wp","href":"https:\/\/api.w.org\/{rel}","templated":true}]}}