{"id":344,"date":"2018-06-01T16:47:39","date_gmt":"2018-06-01T16:47:39","guid":{"rendered":"http:\/\/globalbusinet.com\/clinicabetel\/?page_id=344"},"modified":"2018-06-12T16:19:17","modified_gmt":"2018-06-12T16:19:17","slug":"cirugias-coloproctologica","status":"publish","type":"page","link":"https:\/\/www.ipsclinicabetel.com.co\/index.php\/cirugias-coloproctologica\/","title":{"rendered":"CIRUGIAS COLOPROCTOLOGICA"},"content":{"rendered":"<figure><img decoding=\"async\" src=\"http:\/\/globalbusinet.com\/clinicabetel\/wp-content\/uploads\/2018\/06\/coloproctologi\u0301a-banner.jpg\" alt=\"coloproctologi\u0301a-banner\" \/><\/figure>\n<header id=\"header_principal\">\n<h3>Cirug\u00eda Coloproctologica<\/h3>\n<\/header>\n<p>\t\t\t\t\t\t\t\t\t\t<img loading=\"lazy\" decoding=\"async\" width=\"585\" height=\"585\" src=\"http:\/\/globalbusinet.com\/clinicabetel\/wp-content\/uploads\/2018\/06\/Cirugia_Coloproctolo.jpg\" alt=\"\" srcset=\"http:\/\/globalbusinet.com\/clinicabetel\/wp-content\/uploads\/2018\/06\/Cirugia_Coloproctolo.jpg 585w, http:\/\/globalbusinet.com\/clinicabetel\/wp-content\/uploads\/2018\/06\/Cirugia_Coloproctolo-150x150.jpg 150w, http:\/\/globalbusinet.com\/clinicabetel\/wp-content\/uploads\/2018\/06\/Cirugia_Coloproctolo-300x300.jpg 300w\" sizes=\"(max-width: 585px) 100vw, 585px\" \/>\t\t\t\t\t\t\t\t\t\t\t<\/p>\n<p>En pacientes con las siguientes patolog\u00edas:<\/p>\n<ul>\n<li>Tumores del colon, recto y ano<\/li>\n<li>Enfermedad divert\u00edcular del colon<\/li>\n<li>Enfermedades inflamatorias intestinales (colitis ulcerosa y enfermedad de Crohn)<\/li>\n<li>Patolog\u00eda hemorroidal, fisuras, abscesos y f\u00edstulas perianales<\/li>\n<li>Prolapso rectal<\/li>\n<li>Constipaci\u00f3n cr\u00f3nica<\/li>\n<li>Incontinencia fecal<\/li>\n<\/ul>\n<p>NUESTROS SERVICIOS<\/p>\n<figure><img decoding=\"async\" src=\"http:\/\/globalbusinet.com\/clinicabetel\/wp-content\/uploads\/2018\/06\/cirugia_general-300x291.jpg\" alt=\"Cirugia General\n\t\tLeer m\u00e1s\" \/><figcaption><a href=\"index.php\/cirugia-general\/\"><br \/>\n\t<img decoding=\"async\" src=\"http:\/\/globalbusinet.com\/clinicabetel\/wp-content\/uploads\/2018\/05\/servicio_01.png\"><br \/>\n\tCirugia General<br \/>\n\t<button><br \/>\n\t\tLeer m\u00e1s<br \/>\n\t<\/button><br \/>\n<\/a><\/figcaption><\/figure>\n<figure><img decoding=\"async\" src=\"http:\/\/globalbusinet.com\/clinicabetel\/wp-content\/uploads\/2018\/06\/CIRUGIAS-COLOPROCTOLOGICAS--300x291.jpg\" alt=\"CIRUGIAS COLOPROCTOLOGICAS\n\t\tLeer m\u00e1s\" \/><figcaption><a href=\"index.php\/cirugias-coloproctologica\/\"><br \/>\n\t<img decoding=\"async\" src=\"http:\/\/globalbusinet.com\/clinicabetel\/wp-content\/uploads\/2018\/05\/servicio_02.png\"><br \/>\n\tCIRUGIAS COLOPROCTOLOGICAS<br \/>\n\t<button><br \/>\n\t\tLeer m\u00e1s<br \/>\n\t<\/button><br \/>\n<\/a><\/figcaption><\/figure>\n<figure><img decoding=\"async\" src=\"http:\/\/globalbusinet.com\/clinicabetel\/wp-content\/uploads\/2018\/06\/CIRUGIAS-PLASTICAS--300x291.jpg\" alt=\"CIRUGIAS PLASTICAS\n\t\tLeer m\u00e1s\" \/><figcaption><a href=\"index.php\/cirugia-plastica\/\"><br \/>\n\t<img decoding=\"async\" src=\"http:\/\/globalbusinet.com\/clinicabetel\/wp-content\/uploads\/2018\/06\/servicio_05.png\"><br \/>\n\tCIRUGIAS PLASTICAS<br \/>\n\t<button><br \/>\n\t\tLeer m\u00e1s<br \/>\n\t<\/button><br \/>\n<\/a><\/figcaption><\/figure>\n<figure><img decoding=\"async\" src=\"http:\/\/globalbusinet.com\/clinicabetel\/wp-content\/uploads\/2018\/06\/CIRUGIAS-UROLOGICA-300x291.jpg\" alt=\"CIRUGIAS UROLOGICA\n\t\tLeer m\u00e1s\" \/><figcaption><a href=\"index.php\/cirugia-urologica\/\"><br \/>\n\t<img decoding=\"async\" src=\"http:\/\/globalbusinet.com\/clinicabetel\/wp-content\/uploads\/2018\/05\/servicio_03.png\"><br \/>\n\tCIRUGIAS UROLOGICA<br \/>\n\t<button><br \/>\n\t\tLeer m\u00e1s<br \/>\n\t<\/button><br \/>\n<\/a><\/figcaption><\/figure>\n<figure><img decoding=\"async\" src=\"http:\/\/globalbusinet.com\/clinicabetel\/wp-content\/uploads\/2018\/06\/GINECOLOGICA-OBSTETRICIA-300x291.jpg\" alt=\"GINECOLOGICA OBSTETRICIA\n\t\tLeer m\u00e1s\" \/><figcaption><a href=\"index.php\/ginecologicas-obstetricia\/\"><br \/>\n\t<img decoding=\"async\" src=\"http:\/\/globalbusinet.com\/clinicabetel\/wp-content\/uploads\/2018\/05\/servicio_04.png\"><br \/>\n\tGINECOLOGICA OBSTETRICIA<br \/>\n\t<button><br \/>\n\t\tLeer m\u00e1s<br \/>\n\t<\/button><br \/>\n<\/a><\/figcaption><\/figure>\n","protected":false},"excerpt":{"rendered":"<p>Cirug\u00eda Coloproctologica En pacientes con las siguientes patolog\u00edas: Tumores del colon, recto y ano Enfermedad divert\u00edcular del colon Enfermedades inflamatorias intestinales (colitis ulcerosa y enfermedad de Crohn) Patolog\u00eda hemorroidal, fisuras, abscesos y f\u00edstulas perianales Prolapso rectal Constipaci\u00f3n cr\u00f3nica Incontinencia fecal NUESTROS SERVICIOS Cirugia General Leer m\u00e1s CIRUGIAS COLOPROCTOLOGICAS Leer m\u00e1s CIRUGIAS PLASTICAS Leer m\u00e1s CIRUGIAS [&hellip;]<\/p>\n","protected":false},"author":1,"featured_media":0,"parent":0,"menu_order":0,"comment_status":"closed","ping_status":"closed","template":"","meta":{"footnotes":""},"_links":{"self":[{"href":"https:\/\/www.ipsclinicabetel.com.co\/index.php\/wp-json\/wp\/v2\/pages\/344"}],"collection":[{"href":"https:\/\/www.ipsclinicabetel.com.co\/index.php\/wp-json\/wp\/v2\/pages"}],"about":[{"href":"https:\/\/www.ipsclinicabetel.com.co\/index.php\/wp-json\/wp\/v2\/types\/page"}],"author":[{"embeddable":true,"href":"https:\/\/www.ipsclinicabetel.com.co\/index.php\/wp-json\/wp\/v2\/users\/1"}],"replies":[{"embeddable":true,"href":"https:\/\/www.ipsclinicabetel.com.co\/index.php\/wp-json\/wp\/v2\/comments?post=344"}],"version-history":[{"count":9,"href":"https:\/\/www.ipsclinicabetel.com.co\/index.php\/wp-json\/wp\/v2\/pages\/344\/revisions"}],"predecessor-version":[{"id":457,"href":"https:\/\/www.ipsclinicabetel.com.co\/index.php\/wp-json\/wp\/v2\/pages\/344\/revisions\/457"}],"wp:attachment":[{"href":"https:\/\/www.ipsclinicabetel.com.co\/index.php\/wp-json\/wp\/v2\/media?parent=344"}],"curies":[{"name":"wp","href":"https:\/\/api.w.org\/{rel}","templated":true}]}}