{"id":346,"date":"2018-06-01T16:48:28","date_gmt":"2018-06-01T16:48:28","guid":{"rendered":"http:\/\/globalbusinet.com\/clinicabetel\/?page_id=346"},"modified":"2018-06-12T16:35:37","modified_gmt":"2018-06-12T16:35:37","slug":"cirugia-urologica","status":"publish","type":"page","link":"https:\/\/www.ipsclinicabetel.com.co\/index.php\/cirugia-urologica\/","title":{"rendered":"CIRUGIAS UROLOGICA"},"content":{"rendered":"<figure><img decoding=\"async\" src=\"http:\/\/globalbusinet.com\/clinicabetel\/wp-content\/uploads\/2018\/06\/CIRUGIAS-UROLOGICA.jpg\" alt=\"CIRUGIAS UROLOGICA\n\t\tLeer m\u00e1s\" \/><\/figure>\n<header id=\"header_principal\">\n<h3>Cirug\u00eda Urologica<\/h3>\n<\/header>\n<p>\t\t\t\t\t\t\t\t\t\t<img loading=\"lazy\" decoding=\"async\" width=\"630\" height=\"447\" src=\"http:\/\/globalbusinet.com\/clinicabetel\/wp-content\/uploads\/2018\/06\/Cirugia_Urologica.jpg\" alt=\"\" srcset=\"http:\/\/globalbusinet.com\/clinicabetel\/wp-content\/uploads\/2018\/06\/Cirugia_Urologica.jpg 630w, http:\/\/globalbusinet.com\/clinicabetel\/wp-content\/uploads\/2018\/06\/Cirugia_Urologica-300x213.jpg 300w\" sizes=\"(max-width: 630px) 100vw, 630px\" \/>\t\t\t\t\t\t\t\t\t\t\t<\/p>\n<ul>\n<li>Prostatectomia<\/li>\n<li>Pielolitoctom\u00eda (extracci\u00f3n de c\u00e1lculo renales en vejiga urinaria y ur\u00e9teres)<\/li>\n<li>Circuncisi\u00f3n<\/li>\n<li>Varicocelectomia<\/li>\n<li>Nefrectom\u00eda por tumores renales<\/li>\n<\/ul>\n<p>NUESTROS SERVICIOS<\/p>\n<figure><img decoding=\"async\" src=\"http:\/\/globalbusinet.com\/clinicabetel\/wp-content\/uploads\/2018\/06\/cirugia_general-300x291.jpg\" alt=\"Cirugia General\n\t\tLeer m\u00e1s\" \/><figcaption><a href=\"index.php\/cirugia-general\/\"><br \/>\n\t<img decoding=\"async\" src=\"http:\/\/globalbusinet.com\/clinicabetel\/wp-content\/uploads\/2018\/05\/servicio_01.png\"><br \/>\n\tCirugia General<br \/>\n\t<button><br \/>\n\t\tLeer m\u00e1s<br \/>\n\t<\/button><br \/>\n<\/a><\/figcaption><\/figure>\n<figure><img decoding=\"async\" src=\"http:\/\/globalbusinet.com\/clinicabetel\/wp-content\/uploads\/2018\/06\/CIRUGIAS-COLOPROCTOLOGICAS--300x291.jpg\" alt=\"CIRUGIAS COLOPROCTOLOGICAS\n\t\tLeer m\u00e1s\" \/><figcaption><a href=\"index.php\/cirugias-coloproctologica\/\"><br \/>\n\t<img decoding=\"async\" src=\"http:\/\/globalbusinet.com\/clinicabetel\/wp-content\/uploads\/2018\/05\/servicio_02.png\"><br \/>\n\tCIRUGIAS COLOPROCTOLOGICAS<br \/>\n\t<button><br \/>\n\t\tLeer m\u00e1s<br \/>\n\t<\/button><br \/>\n<\/a><\/figcaption><\/figure>\n<figure><img decoding=\"async\" src=\"http:\/\/globalbusinet.com\/clinicabetel\/wp-content\/uploads\/2018\/06\/CIRUGIAS-PLASTICAS--300x291.jpg\" alt=\"CIRUGIAS PLASTICAS\n\t\tLeer m\u00e1s\" \/><figcaption><a href=\"index.php\/cirugia-plastica\/\"><br \/>\n\t<img decoding=\"async\" src=\"http:\/\/globalbusinet.com\/clinicabetel\/wp-content\/uploads\/2018\/06\/servicio_05.png\"><br \/>\n\tCIRUGIAS PLASTICAS<br \/>\n\t<button><br \/>\n\t\tLeer m\u00e1s<br \/>\n\t<\/button><br \/>\n<\/a><\/figcaption><\/figure>\n<figure><img decoding=\"async\" src=\"http:\/\/globalbusinet.com\/clinicabetel\/wp-content\/uploads\/2018\/06\/CIRUGIAS-UROLOGICA-300x291.jpg\" alt=\"CIRUGIAS UROLOGICA\n\t\tLeer m\u00e1s\" \/><figcaption><a href=\"index.php\/cirugia-urologica\/\"><br \/>\n\t<img decoding=\"async\" src=\"http:\/\/globalbusinet.com\/clinicabetel\/wp-content\/uploads\/2018\/05\/servicio_03.png\"><br \/>\n\tCIRUGIAS UROLOGICA<br \/>\n\t<button><br \/>\n\t\tLeer m\u00e1s<br \/>\n\t<\/button><br \/>\n<\/a><\/figcaption><\/figure>\n<figure><img decoding=\"async\" src=\"http:\/\/globalbusinet.com\/clinicabetel\/wp-content\/uploads\/2018\/06\/GINECOLOGICA-OBSTETRICIA-300x291.jpg\" alt=\"GINECOLOGICA OBSTETRICIA\n\t\tLeer m\u00e1s\" \/><figcaption><a href=\"index.php\/ginecologicas-obstetricia\/\"><br \/>\n\t<img decoding=\"async\" src=\"http:\/\/globalbusinet.com\/clinicabetel\/wp-content\/uploads\/2018\/05\/servicio_04.png\"><br \/>\n\tGINECOLOGICA OBSTETRICIA<br \/>\n\t<button><br \/>\n\t\tLeer m\u00e1s<br \/>\n\t<\/button><br \/>\n<\/a><\/figcaption><\/figure>\n","protected":false},"excerpt":{"rendered":"<p>Cirug\u00eda Urologica Prostatectomia Pielolitoctom\u00eda (extracci\u00f3n de c\u00e1lculo renales en vejiga urinaria y ur\u00e9teres) Circuncisi\u00f3n Varicocelectomia Nefrectom\u00eda por tumores renales NUESTROS SERVICIOS Cirugia General Leer m\u00e1s CIRUGIAS COLOPROCTOLOGICAS Leer m\u00e1s CIRUGIAS PLASTICAS Leer m\u00e1s CIRUGIAS UROLOGICA Leer m\u00e1s GINECOLOGICA OBSTETRICIA Leer m\u00e1s<\/p>\n","protected":false},"author":1,"featured_media":0,"parent":0,"menu_order":0,"comment_status":"closed","ping_status":"closed","template":"","meta":{"footnotes":""},"_links":{"self":[{"href":"https:\/\/www.ipsclinicabetel.com.co\/index.php\/wp-json\/wp\/v2\/pages\/346"}],"collection":[{"href":"https:\/\/www.ipsclinicabetel.com.co\/index.php\/wp-json\/wp\/v2\/pages"}],"about":[{"href":"https:\/\/www.ipsclinicabetel.com.co\/index.php\/wp-json\/wp\/v2\/types\/page"}],"author":[{"embeddable":true,"href":"https:\/\/www.ipsclinicabetel.com.co\/index.php\/wp-json\/wp\/v2\/users\/1"}],"replies":[{"embeddable":true,"href":"https:\/\/www.ipsclinicabetel.com.co\/index.php\/wp-json\/wp\/v2\/comments?post=346"}],"version-history":[{"count":7,"href":"https:\/\/www.ipsclinicabetel.com.co\/index.php\/wp-json\/wp\/v2\/pages\/346\/revisions"}],"predecessor-version":[{"id":463,"href":"https:\/\/www.ipsclinicabetel.com.co\/index.php\/wp-json\/wp\/v2\/pages\/346\/revisions\/463"}],"wp:attachment":[{"href":"https:\/\/www.ipsclinicabetel.com.co\/index.php\/wp-json\/wp\/v2\/media?parent=346"}],"curies":[{"name":"wp","href":"https:\/\/api.w.org\/{rel}","templated":true}]}}