{"id":348,"date":"2018-06-01T16:49:02","date_gmt":"2018-06-01T16:49:02","guid":{"rendered":"http:\/\/globalbusinet.com\/clinicabetel\/?page_id=348"},"modified":"2018-06-18T18:54:11","modified_gmt":"2018-06-18T18:54:11","slug":"cirugia-plastica","status":"publish","type":"page","link":"https:\/\/www.ipsclinicabetel.com.co\/index.php\/cirugia-plastica\/","title":{"rendered":"CIRUGIAS PLASTICAS"},"content":{"rendered":"<figure><img decoding=\"async\" src=\"http:\/\/globalbusinet.com\/clinicabetel\/wp-content\/uploads\/2018\/06\/CIRUGIAS-PLASTICAS-.jpg\" alt=\"CIRUGIAS PLASTICAS\n\t\tLeer m\u00e1s\" \/><\/figure>\n<header id=\"header_principal\">\n<h3>Cirug\u00eda Plastica<\/h3>\n<\/header>\n<p>\t\t\t\t\t\t\t\t\t\t<img loading=\"lazy\" decoding=\"async\" width=\"585\" height=\"585\" src=\"http:\/\/globalbusinet.com\/clinicabetel\/wp-content\/uploads\/2018\/06\/cirugia_pastica.jpg\" alt=\"\" srcset=\"http:\/\/globalbusinet.com\/clinicabetel\/wp-content\/uploads\/2018\/06\/cirugia_pastica.jpg 585w, http:\/\/globalbusinet.com\/clinicabetel\/wp-content\/uploads\/2018\/06\/cirugia_pastica-150x150.jpg 150w, http:\/\/globalbusinet.com\/clinicabetel\/wp-content\/uploads\/2018\/06\/cirugia_pastica-300x300.jpg 300w\" sizes=\"(max-width: 585px) 100vw, 585px\" \/>\t\t\t\t\t\t\t\t\t\t\t<\/p>\n<ul>\n<li>Mamoplastia reductora<\/li>\n<li>Rafia de Tendones<\/li>\n<li>Dermolipectom\u00eda<\/li>\n<li>Colocaci\u00f3n de Pr\u00f3tesis Mamarias<\/li>\n<li>Aumento del volumen de la mama<\/li>\n<\/ul>\n<p>NUESTROS SERVICIOS<\/p>\n<figure><img decoding=\"async\" src=\"http:\/\/globalbusinet.com\/clinicabetel\/wp-content\/uploads\/2018\/06\/cirugia_general-300x291.jpg\" alt=\"Cirugia General\n\t\tLeer m\u00e1s\" \/><figcaption><a href=\"index.php\/cirugia-general\/\"><br \/>\n\t<img decoding=\"async\" src=\"http:\/\/globalbusinet.com\/clinicabetel\/wp-content\/uploads\/2018\/05\/servicio_01.png\"><br \/>\n\tCirugia General<br \/>\n\t<button><br \/>\n\t\tLeer m\u00e1s<br \/>\n\t<\/button><br \/>\n<\/a><\/figcaption><\/figure>\n<figure><img decoding=\"async\" src=\"http:\/\/globalbusinet.com\/clinicabetel\/wp-content\/uploads\/2018\/06\/CIRUGIAS-COLOPROCTOLOGICAS--300x291.jpg\" alt=\"CIRUGIAS COLOPROCTOLOGICAS\n\t\tLeer m\u00e1s\" \/><figcaption><a href=\"index.php\/cirugias-coloproctologica\/\"><br \/>\n\t<img decoding=\"async\" src=\"http:\/\/globalbusinet.com\/clinicabetel\/wp-content\/uploads\/2018\/05\/servicio_02.png\"><br \/>\n\tCIRUGIAS COLOPROCTOLOGICAS<br \/>\n\t<button><br \/>\n\t\tLeer m\u00e1s<br \/>\n\t<\/button><br \/>\n<\/a><\/figcaption><\/figure>\n<figure><img decoding=\"async\" src=\"http:\/\/globalbusinet.com\/clinicabetel\/wp-content\/uploads\/2018\/06\/CIRUGIAS-PLASTICAS--300x291.jpg\" alt=\"CIRUGIAS PLASTICAS\n\t\tLeer m\u00e1s\" \/><figcaption><a href=\"index.php\/cirugia-plastica\/\"><br \/>\n\t<img decoding=\"async\" src=\"http:\/\/globalbusinet.com\/clinicabetel\/wp-content\/uploads\/2018\/06\/servicio_05.png\"><br \/>\n\tCIRUGIAS PLASTICAS<br \/>\n\t<button><br \/>\n\t\tLeer m\u00e1s<br \/>\n\t<\/button><br \/>\n<\/a><\/figcaption><\/figure>\n<figure><img decoding=\"async\" src=\"http:\/\/globalbusinet.com\/clinicabetel\/wp-content\/uploads\/2018\/06\/CIRUGIAS-UROLOGICA-300x291.jpg\" alt=\"CIRUGIAS UROLOGICA\n\t\tLeer m\u00e1s\" \/><figcaption><a href=\"index.php\/cirugia-urologica\/\"><br \/>\n\t<img decoding=\"async\" src=\"http:\/\/globalbusinet.com\/clinicabetel\/wp-content\/uploads\/2018\/05\/servicio_03.png\"><br \/>\n\tCIRUGIAS UROLOGICA<br \/>\n\t<button><br \/>\n\t\tLeer m\u00e1s<br \/>\n\t<\/button><br \/>\n<\/a><\/figcaption><\/figure>\n<figure><img decoding=\"async\" src=\"http:\/\/globalbusinet.com\/clinicabetel\/wp-content\/uploads\/2018\/06\/GINECOLOGICA-OBSTETRICIA-300x291.jpg\" alt=\"GINECOLOGICA OBSTETRICIA\n\t\tLeer m\u00e1s\" \/><figcaption><a href=\"index.php\/ginecologicas-obstetricia\/\"><br \/>\n\t<img decoding=\"async\" src=\"http:\/\/globalbusinet.com\/clinicabetel\/wp-content\/uploads\/2018\/05\/servicio_04.png\"><br \/>\n\tGINECOLOGICA OBSTETRICIA<br \/>\n\t<button><br \/>\n\t\tLeer m\u00e1s<br \/>\n\t<\/button><br \/>\n<\/a><\/figcaption><\/figure>\n","protected":false},"excerpt":{"rendered":"<p>Cirug\u00eda Plastica Mamoplastia reductora Rafia de Tendones Dermolipectom\u00eda Colocaci\u00f3n de Pr\u00f3tesis Mamarias Aumento del volumen de la mama NUESTROS SERVICIOS Cirugia General Leer m\u00e1s CIRUGIAS COLOPROCTOLOGICAS Leer m\u00e1s CIRUGIAS PLASTICAS Leer m\u00e1s CIRUGIAS UROLOGICA Leer m\u00e1s GINECOLOGICA OBSTETRICIA Leer m\u00e1s<\/p>\n","protected":false},"author":1,"featured_media":0,"parent":0,"menu_order":0,"comment_status":"closed","ping_status":"closed","template":"","meta":{"footnotes":""},"_links":{"self":[{"href":"https:\/\/www.ipsclinicabetel.com.co\/index.php\/wp-json\/wp\/v2\/pages\/348"}],"collection":[{"href":"https:\/\/www.ipsclinicabetel.com.co\/index.php\/wp-json\/wp\/v2\/pages"}],"about":[{"href":"https:\/\/www.ipsclinicabetel.com.co\/index.php\/wp-json\/wp\/v2\/types\/page"}],"author":[{"embeddable":true,"href":"https:\/\/www.ipsclinicabetel.com.co\/index.php\/wp-json\/wp\/v2\/users\/1"}],"replies":[{"embeddable":true,"href":"https:\/\/www.ipsclinicabetel.com.co\/index.php\/wp-json\/wp\/v2\/comments?post=348"}],"version-history":[{"count":7,"href":"https:\/\/www.ipsclinicabetel.com.co\/index.php\/wp-json\/wp\/v2\/pages\/348\/revisions"}],"predecessor-version":[{"id":468,"href":"https:\/\/www.ipsclinicabetel.com.co\/index.php\/wp-json\/wp\/v2\/pages\/348\/revisions\/468"}],"wp:attachment":[{"href":"https:\/\/www.ipsclinicabetel.com.co\/index.php\/wp-json\/wp\/v2\/media?parent=348"}],"curies":[{"name":"wp","href":"https:\/\/api.w.org\/{rel}","templated":true}]}}