{"id":350,"date":"2018-06-01T16:49:51","date_gmt":"2018-06-01T16:49:51","guid":{"rendered":"http:\/\/globalbusinet.com\/clinicabetel\/?page_id=350"},"modified":"2018-06-12T16:40:58","modified_gmt":"2018-06-12T16:40:58","slug":"ginecologicas-obstetricia","status":"publish","type":"page","link":"https:\/\/www.ipsclinicabetel.com.co\/index.php\/ginecologicas-obstetricia\/","title":{"rendered":"GINECOL\u00d3GICA OBSTETRICIA"},"content":{"rendered":"<figure><img decoding=\"async\" src=\"http:\/\/globalbusinet.com\/clinicabetel\/wp-content\/uploads\/2018\/06\/GINECOLOGICA-OBSTETRICIA.jpg\" alt=\"GINECOLOGICA OBSTETRICIA\n\t\tLeer m\u00e1s\" \/><\/figure>\n<header id=\"header_principal\">\n<h3>Ginecol\u00f3gia Obstetricia<\/h3>\n<\/header>\n<p>\t\t\t\t\t\t\t\t\t\t<img loading=\"lazy\" decoding=\"async\" width=\"630\" height=\"447\" src=\"http:\/\/globalbusinet.com\/clinicabetel\/wp-content\/uploads\/2018\/06\/Ginecologia_Obstetricia.jpg\" alt=\"\" srcset=\"http:\/\/globalbusinet.com\/clinicabetel\/wp-content\/uploads\/2018\/06\/Ginecologia_Obstetricia.jpg 630w, http:\/\/globalbusinet.com\/clinicabetel\/wp-content\/uploads\/2018\/06\/Ginecologia_Obstetricia-300x213.jpg 300w\" sizes=\"(max-width: 630px) 100vw, 630px\" \/>\t\t\t\t\t\t\t\t\t\t\t<\/p>\n<p>Se realizan cirug\u00edas ginecol\u00f3gicas de II Nivel de complejidad con personal especializado y calificado para la prestaci\u00f3n del servicio las 24 horas del d\u00eda.<\/p>\n<ul>\n<li>Partos, Ces\u00e1reas<\/li>\n<li>Legrado Uterino<\/li>\n<li>Pomeroy<\/li>\n<li>Histerectom\u00eda Abdominal<\/li>\n<li>Histerectom\u00eda Vaginal<\/li>\n<li>Colporrafia anterior y posterior<\/li>\n<li>Biopsias<\/li>\n<li>Resecci\u00f3n de Quiste de Ovarios<\/li>\n<li>Miomectomia<\/li>\n<li>Salpinguectomia<\/li>\n<\/ul>\n<p>Contamos con (4) cuatro habitaciones dotadas y destinadas para la hospitalizaci\u00f3n con capacidad para (7) siete camas y sistema de comunicaci\u00f3n con la estaci\u00f3n de enfermer\u00eda, para la mejor atenci\u00f3n del paciente.<\/p>\n<p>NUESTROS SERVICIOS<\/p>\n<figure><img decoding=\"async\" src=\"http:\/\/globalbusinet.com\/clinicabetel\/wp-content\/uploads\/2018\/06\/cirugia_general-300x291.jpg\" alt=\"Cirugia General\n\t\tLeer m\u00e1s\" \/><figcaption><a href=\"index.php\/cirugia-general\/\"><br \/>\n\t<img decoding=\"async\" src=\"http:\/\/globalbusinet.com\/clinicabetel\/wp-content\/uploads\/2018\/05\/servicio_01.png\"><br \/>\n\tCirugia General<br \/>\n\t<button><br \/>\n\t\tLeer m\u00e1s<br \/>\n\t<\/button><br \/>\n<\/a><\/figcaption><\/figure>\n<figure><img decoding=\"async\" src=\"http:\/\/globalbusinet.com\/clinicabetel\/wp-content\/uploads\/2018\/06\/CIRUGIAS-COLOPROCTOLOGICAS--300x291.jpg\" alt=\"CIRUGIAS COLOPROCTOLOGICAS\n\t\tLeer m\u00e1s\" \/><figcaption><a href=\"index.php\/cirugias-coloproctologica\/\"><br \/>\n\t<img decoding=\"async\" src=\"http:\/\/globalbusinet.com\/clinicabetel\/wp-content\/uploads\/2018\/05\/servicio_02.png\"><br \/>\n\tCIRUGIAS COLOPROCTOLOGICAS<br \/>\n\t<button><br \/>\n\t\tLeer m\u00e1s<br \/>\n\t<\/button><br \/>\n<\/a><\/figcaption><\/figure>\n<figure><img decoding=\"async\" src=\"http:\/\/globalbusinet.com\/clinicabetel\/wp-content\/uploads\/2018\/06\/CIRUGIAS-PLASTICAS--300x291.jpg\" alt=\"CIRUGIAS PLASTICAS\n\t\tLeer m\u00e1s\" \/><figcaption><a href=\"index.php\/cirugia-plastica\/\"><br \/>\n\t<img decoding=\"async\" src=\"http:\/\/globalbusinet.com\/clinicabetel\/wp-content\/uploads\/2018\/06\/servicio_05.png\"><br \/>\n\tCIRUGIAS PLASTICAS<br \/>\n\t<button><br \/>\n\t\tLeer m\u00e1s<br \/>\n\t<\/button><br \/>\n<\/a><\/figcaption><\/figure>\n<figure><img decoding=\"async\" src=\"http:\/\/globalbusinet.com\/clinicabetel\/wp-content\/uploads\/2018\/06\/CIRUGIAS-UROLOGICA-300x291.jpg\" alt=\"CIRUGIAS UROLOGICA\n\t\tLeer m\u00e1s\" \/><figcaption><a href=\"index.php\/cirugia-urologica\/\"><br \/>\n\t<img decoding=\"async\" src=\"http:\/\/globalbusinet.com\/clinicabetel\/wp-content\/uploads\/2018\/05\/servicio_03.png\"><br \/>\n\tCIRUGIAS UROLOGICA<br \/>\n\t<button><br \/>\n\t\tLeer m\u00e1s<br \/>\n\t<\/button><br \/>\n<\/a><\/figcaption><\/figure>\n<figure><img decoding=\"async\" src=\"http:\/\/globalbusinet.com\/clinicabetel\/wp-content\/uploads\/2018\/06\/GINECOLOGICA-OBSTETRICIA-300x291.jpg\" alt=\"GINECOLOGICA OBSTETRICIA\n\t\tLeer m\u00e1s\" \/><figcaption><a href=\"index.php\/ginecologicas-obstetricia\/\"><br \/>\n\t<img decoding=\"async\" src=\"http:\/\/globalbusinet.com\/clinicabetel\/wp-content\/uploads\/2018\/05\/servicio_04.png\"><br \/>\n\tGINECOLOGICA OBSTETRICIA<br \/>\n\t<button><br \/>\n\t\tLeer m\u00e1s<br \/>\n\t<\/button><br \/>\n<\/a><\/figcaption><\/figure>\n","protected":false},"excerpt":{"rendered":"<p>Ginecol\u00f3gia Obstetricia Se realizan cirug\u00edas ginecol\u00f3gicas de II Nivel de complejidad con personal especializado y calificado para la prestaci\u00f3n del servicio las 24 horas del d\u00eda. Partos, Ces\u00e1reas Legrado Uterino Pomeroy Histerectom\u00eda Abdominal Histerectom\u00eda Vaginal Colporrafia anterior y posterior Biopsias Resecci\u00f3n de Quiste de Ovarios Miomectomia Salpinguectomia Contamos con (4) cuatro habitaciones dotadas y destinadas [&hellip;]<\/p>\n","protected":false},"author":1,"featured_media":0,"parent":0,"menu_order":0,"comment_status":"closed","ping_status":"closed","template":"","meta":{"footnotes":""},"_links":{"self":[{"href":"https:\/\/www.ipsclinicabetel.com.co\/index.php\/wp-json\/wp\/v2\/pages\/350"}],"collection":[{"href":"https:\/\/www.ipsclinicabetel.com.co\/index.php\/wp-json\/wp\/v2\/pages"}],"about":[{"href":"https:\/\/www.ipsclinicabetel.com.co\/index.php\/wp-json\/wp\/v2\/types\/page"}],"author":[{"embeddable":true,"href":"https:\/\/www.ipsclinicabetel.com.co\/index.php\/wp-json\/wp\/v2\/users\/1"}],"replies":[{"embeddable":true,"href":"https:\/\/www.ipsclinicabetel.com.co\/index.php\/wp-json\/wp\/v2\/comments?post=350"}],"version-history":[{"count":7,"href":"https:\/\/www.ipsclinicabetel.com.co\/index.php\/wp-json\/wp\/v2\/pages\/350\/revisions"}],"predecessor-version":[{"id":465,"href":"https:\/\/www.ipsclinicabetel.com.co\/index.php\/wp-json\/wp\/v2\/pages\/350\/revisions\/465"}],"wp:attachment":[{"href":"https:\/\/www.ipsclinicabetel.com.co\/index.php\/wp-json\/wp\/v2\/media?parent=350"}],"curies":[{"name":"wp","href":"https:\/\/api.w.org\/{rel}","templated":true}]}}