{"id":537,"date":"2020-10-06T21:02:34","date_gmt":"2020-10-06T21:02:34","guid":{"rendered":"https:\/\/www.ipsclinicabetel.com.co\/?page_id=537"},"modified":"2021-04-29T15:45:37","modified_gmt":"2021-04-29T15:45:37","slug":"transparencia-institucional","status":"publish","type":"page","link":"https:\/\/www.ipsclinicabetel.com.co\/index.php\/transparencia-institucional\/","title":{"rendered":"Transparencia Institucional"},"content":{"rendered":"<h1>\n<p>Transparencia y Acceso a la Informaci\u00f3n P\u00fablica<\/h1>\n<p>\t\t\t\t\t\t\t\t\t\t\t\t           1. Mecanismos de contacto con el sujeto obligado         \t\t\t\t\t<\/p>\n<ol>\n<li>Secci\u00f3n particular\n<p><strong>Estimado ciudadano:<\/strong>\u00a0la Procuradur\u00eda General de la Naci\u00f3n ha destinado este bot\u00f3n de transparencia para facilitar el acceso a la informaci\u00f3n de inter\u00e9s p\u00fablico que genera la Entidad. Lo invitamos a conocer su contenido.<\/p>\n<\/li>\n<li>Mecanismos para la atenci\u00f3n al ciudadano\n<ol>\n<li><a href=\"https:\/\/www.ipsclinicabetel.com.co\/leytransoarencia\/atencion.pdf\" target=\"_blank\" rel=\"noopener\">Los espacios f\u00edsicos destinados para el contacto con el sujeto obligado<\/a><\/li>\n<li><a href=\"https:\/\/www.ipsclinicabetel.com.co\/leytransoarencia\/atencion.pdf\" target=\"_blank\" rel=\"noopener\">Los t\u00e9lefono fijos y m\u00f3viles, l\u00edneas gratuitas y fax, incluyendo el indicativo nacional e internacional<\/a><\/li>\n<li><a href=\"https:\/\/www.ipsclinicabetel.com.co\/leytransoarencia\/atencion.pdf\" target=\"_blank\" rel=\"noopener\">Correo electr\u00f3nico institucional<\/a><\/li>\n<li><a href=\"https:\/\/www.ipsclinicabetel.com.co\/leytransoarencia\/atencion.pdf\" target=\"_blank\" rel=\"noopener\">Correo f\u00edsico o postal<\/a><\/li>\n<li><a href=\"https:\/\/www.ipsclinicabetel.com.co\/leytransoarencia\/FOR_PQRSF.pdf\" target=\"_blank\" rel=\"noopener\">Link al formulario electr\u00f3nico de solicitudes, peticiones, quejas, reclamos y denuncias<\/a>\n<ol>\n<li>Si eres ni\u00f1o, ni\u00f1a o adolescente, puedes formular tus peticiones\u00a0<a href=\"https:\/\/www.ipsclinicabetel.com.co\/leytransoarencia\/FOR_PQRSF.pdf\">aqu\u00ed<\/a>.<\/li>\n<\/ol>\n<\/li>\n<\/ol>\n<\/li>\n<li>Correo electr\u00f3nico para notificaciones judiciales:\u00a0<a href=\"mailto:juridica@ipsclinicabetel.com.co?subject=NOTIFICACI%C3%93N%20JUDICIAL\">juridica@ipsclinicabetel.com.co<\/a>\n<p><em>Si realiza env\u00edos a este correo, por favor evite enviar el documento f\u00edsico. (Art. 197 del C\u00f3digo de Procedimiento Administrativo y de lo Contencioso Administrativo)\u00a0|\u00a0<strong>AVISO IMPORTANTE:<\/strong>\u00a0Esta direcci\u00f3n de correo electr\u00f3nico es DE USO \u00daNICO Y EXCLUSIVO PARA LAS NOTIFICACIONES JUDICIALES que se surtan en los procesos en que la entidad ostenta la calidad de demandante o demandada, en los t\u00e9rminos establecidos en los art\u00edculos 197, 198 y 199 de la Ley 1437 de 2011. Para efectos de la vinculaci\u00f3n o la solicitud de intervenci\u00f3n de la IPS CLINICA BETEL deber\u00e1 surtirse la notificaci\u00f3n a trav\u00e9s del correo\u00a0<a href=\"mailto:juridica@ipsclinicabetel.com.co?subject=NOTIFICACI%C3%93N%20JUDICIAL\">juridica@ipsclinicabetel.com.co<\/a><br \/><\/em><\/p>\n<\/li>\n<li id=\"proteccion_datos\"><a href=\"https:\/\/www.ipsclinicabetel.com.co\/leytransoarencia\/TRATAMIENTO.pdf\">Pol\u00edticas de seguridad de la informaci\u00f3n del sitio web y protecci\u00f3n de datos personales<\/a>\n<ol>\n<li><a href=\"https:\/\/www.ipsclinicabetel.com.co\/leytransoarencia\/Ley_1581_2012.pdf\">Resoluci\u00f3n 1581 de 2012<\/a>\u00a0&#8211; Pol\u00edticas y procedimientos para la protecci\u00f3n de datos personales.<\/li>\n<\/ol>\n<\/li>\n<\/ol>\n<p>\t\t\t\t\t\t\t\t\t\t\t\t           2. Informaci\u00f3n de inter\u00e9s         \t\t\t\t\t<\/p>\n<ol>\n<li><a href=\"https:\/\/www.ipsclinicabetel.com.co\/leytransoarencia\/Preguntas_frecuentes.pdf\" target=\"_blank\" rel=\"noopener\">Preguntas y respuestas frecuentes<\/a><\/li>\n<li><a href=\"https:\/\/www.ipsclinicabetel.com.co\/leytransoarencia\/GLOSARIO.pdf\" target=\"_blank\" rel=\"noopener\">Glosario<\/a><\/li>\n<li><a href=\"https:\/\/www.ipsclinicabetel.com.co\/leytransoarencia\/NOTICIAS.pdf\" target=\"_blank\" rel=\"noopener\">Noticias<\/a><\/li>\n<li><a href=\"https:\/\/www.ipsclinicabetel.com.co\/leytransoarencia\/CALENDARIO_DE_ACTIVIDADES.pdf\" target=\"_blank\" rel=\"noopener\">Calendario de actividades<\/a><\/li>\n<li><a href=\"https:\/\/www.ipsclinicabetel.com.co\/leytransoarencia\/Ni\u00f1os.pdf\" target=\"_blank\" rel=\"noopener\">Informaci\u00f3n para ni\u00f1as, ni\u00f1os y adolescentes<\/a><\/li>\n<\/ol>\n<h4>Informaci\u00f3n adicional<\/h4>\n<ol>\n<li><a title=\"Carta de trato digno de la PGN\" href=\"https:\/\/www.ipsclinicabetel.com.co\/leytransoarencia\/CORPORTAIVOS.pdf\" target=\"_blank\" rel=\"noopener\">Trato digno a los usuarios<\/a><\/li>\n<li><a title=\"Carta de trato digno de la PGN\" href=\"https:\/\/www.ipsclinicabetel.com.co\/leytransoarencia\/EMBARAZO.pdf\" target=\"_blank\" rel=\"noopener\">No interrupci\u00f3n del embarazo<\/a><\/li>\n<li><a title=\"Carta de trato digno de la PGN\" href=\"https:\/\/www.ipsclinicabetel.com.co\/leytransoarencia\/EUTANASIA.pdf\" target=\"_blank\" rel=\"noopener\">No a la implementaci\u00f3n de la eutanasia<\/a><\/li>\n<\/ol>\n<p>\t\t\t\t\t\t\t\t\t\t\t\t           3. Estructura Org\u00e1nica y del Talento Humano         \t\t\t\t\t<\/p>\n<ol>\n<li><a href=\"https:\/\/www.ipsclinicabetel.com.co\/leytransoarencia\/MISION.pdf\" target=\"_self\">Misi\u00f3n y visi\u00f3n<\/a><\/li>\n<li><a href=\"https:\/\/www.ipsclinicabetel.com.co\/leytransoarencia\/FUNCIONES.pdf\" target=\"_self\">Funciones y deberes<\/a><\/li>\n<li><a href=\"https:\/\/www.ipsclinicabetel.com.co\/leytransoarencia\/GFYJHDFH.pdf\" target=\"_blank\" rel=\"noopener\">Procesos y procedimientos<\/a><\/li>\n<li>Organigrama\n<ol>\n<li><a href=\"https:\/\/www.ipsclinicabetel.com.co\/leytransoarencia\/ESTRUCTURA.pdf\" target=\"_blank\" rel=\"noopener\">Estructura org\u00e1nica de la Entidad<\/a><\/li>\n<li><a href=\"https:\/\/www.ipsclinicabetel.com.co\/leytransoarencia\/ESTRUCTURA.pdf\" target=\"_blank\" rel=\"noopener\">Organigrama en formato descargable [PDF]<\/a><\/li>\n<li><a href=\"https:\/\/www.ipsclinicabetel.com.co\/leytransoarencia\/DESCRIPCION.pdf\" target=\"_blank\" rel=\"noopener\">Descripci\u00f3n de la Estructura Org\u00e1nica y sus funciones por \u00e1rea<\/a><\/li>\n<\/ol>\n<\/li>\n<li><a href=\"https:\/\/www.ipsclinicabetel.com.co\/leytransoarencia\/DIRECTORIO.pdf\" target=\"_blank\" rel=\"noopener\">Directorio de entidades y agremiaciones<\/a>\n<ol>\n<li style=\"list-style-type: none;\">\u00a0<\/li>\n<\/ol>\n<\/li>\n<\/ol>\n<p>\t\t\t\t\t\t\t\t\t\t\t\t          4. Normatividad         \t\t\t\t\t<\/p>\n<p><a href=\"https:\/\/www.ipsclinicabetel.com.co\/leytransoarencia\/NORMATIVIDAD.pdf\" target=\"_blank\" rel=\"noopener\">Consulta de la Normatividad relacionada con la Entidad<\/a><\/p>\n<p>\t\t\t\t\t\t\t\t\t\t\t\t           5. Presupuesto         \t\t\t\t\t<\/p>\n<ol>\n<li><a href=\"https:\/\/www.ipsclinicabetel.com.co\/leytransoarencia\/FINANCIERO.pdf\" target=\"_blank\" rel=\"noopener\">Estados financieros<\/a>\u00a0[actualizado: Oct, 2020]<\/li>\n<li><a href=\"https:\/\/www.ipsclinicabetel.com.co\/leytransoarencia\/COMPARATIVO.pdf\">Estados financieros\u00a0[actualizado: Dic, 2020]<\/a><\/li>\n<\/ol>\n<p>\t\t\t\t\t\t\t\t\t\t\t\t           6. Planeaci\u00f3n         \t\t\t\t\t<\/p>\n<ol>\n<li>Pol\u00edticas, lineamientos y manuales\n<ol>\n<li style=\"list-style-type: none;\">\n<ol>\n<li><a href=\"https:\/\/www.ipsclinicabetel.com.co\/leytransoarencia\/POLITICAS.pdf\" target=\"_blank\" rel=\"noopener\">Pol\u00edticas y lineamientos sectoriales e institucionales<\/a>\n<ol>\n<li><a href=\"https:\/\/www.ipsclinicabetel.com.co\/leytransoarencia\/TRATAMIENTO.pdf\">Pol\u00edtica seguridad de la informaci\u00f3n<\/a><\/li>\n<\/ol>\n<\/li>\n<li>Planes estrat\u00e9gicos, sectoriales e institucionales\n<ol>\n<li><a href=\"https:\/\/www.ipsclinicabetel.com.co\/leytransoarencia\/MAPA.pdf\" target=\"_blank\" rel=\"noopener\">Planes Estrat\u00e9gicos<\/a>\n<ol>\n<li><a href=\"https:\/\/www.ipsclinicabetel.com.co\/leytransoarencia\/POLITICAS.pdf\">Plan Estrat\u00e9gico Institucional<\/a><\/li>\n<\/ol>\n<\/li>\n<\/ol>\n<\/li>\n<li><a href=\"https:\/\/www.ipsclinicabetel.com.co\/leytransoarencia\/PLAN.pdf\">Plan de Servicio al Ciudadano<\/a><\/li>\n<li><a href=\"https:\/\/www.ipsclinicabetel.com.co\/leytransoarencia\/ANTICORRUPCION.pdf\">Plan Anti-tr\u00e1mites<\/a>\n<ol>\n<li><a href=\"https:\/\/www.ipsclinicabetel.com.co\/leytransoarencia\/ANTICORRUPCION.pdf\" target=\"_blank\" rel=\"noopener\">Vigencia 2020<\/a><\/li>\n<\/ol>\n<\/li>\n<li id=\"paac\"><a href=\"https:\/\/www.ipsclinicabetel.com.co\/leytransoarencia\/ANTICORRUPCION.pdf\">Plan Anticorrupci\u00f3n y de Atenci\u00f3n al Ciudadano, de conformidad con el Art\u00edculo 73 de la Ley 1474 de 2011<\/a><\/li>\n<li><a href=\"https:\/\/www.ipsclinicabetel.com.co\/leytransoarencia\/NOTICIAS.pdf\">Pol\u00edticas adoptadas y que afectan a la ciudadan\u00eda<\/a>\n<ol>\n<li><a href=\"https:\/\/www.ipsclinicabetel.com.co\/leytransoarencia\/RESOLUCION_666.pdf\" target=\"blank\">Resoluci\u00f3n 666 de 2020: &#8220;Protocolo general de bioseguridad manejo covid-19&#8221;<\/a><\/li>\n<li><a href=\"https:\/\/www.ipsclinicabetel.com.co\/leytransoarencia\/Resolucion_2063.pdf\" data-wplink-edit=\"true\">Resolucion 2063 del 2017 &#8220;Programaci\u00f3n de la<\/a> <a href=\"https:\/\/www.ipsclinicabetel.com.co\/leytransoarencia\/Resolucion_2063.pdf\">participaci\u00f3n<\/a> social en salud&#8221;.<\/li>\n<\/ol>\n<\/li>\n<\/ol>\n<\/li>\n<\/ol>\n<ol>\n<li>Participaci\u00f3n en la formulaci\u00f3n de pol\u00edticas\n<ol>\n<li>Sujetos que pueden participar<br \/>IPS CLINICA BETEL cuenta con mecanismos de participaci\u00f3n ciudadana, que pueden ser ejercidos por todas las personas sin distingo de sexo, raza o condici\u00f3n, as\u00ed como tambi\u00e9n las empresas como ciudadanos y la sociedad civil.<\/li>\n<li>Medios presenciales y electr\u00f3nicos\n<ol>\n<li><a href=\"https:\/\/www.ipsclinicabetel.com.co\/leytransoarencia\/FOR_PARTICIPACION.pdf\" target=\"_blank\" rel=\"noopener\">Formulario de participaci\u00f3n ciudadana\u00a0<\/a><\/li>\n<li><a href=\"https:\/\/www.ipsclinicabetel.com.co\/leytransoarencia\/GUIA.pdf\">Gu\u00eda de participaci\u00f3n ciudadana<\/a><\/li>\n<\/ol>\n<\/li>\n<\/ol>\n<\/li>\n<li>Manuales\n<ol>\n<li><a href=\"https:\/\/www.ipsclinicabetel.com.co\/leytransoarencia\/MANUAL.pdf\">Manual de Atenci\u00f3n al Usuario.<\/a><\/li>\n<\/ol>\n<\/li>\n<\/ol>\n<\/li>\n<\/ol>\n<p>\t\t\t\t\t\t\t\t\t\t\t\t7. Control\t\t\t\t\t<\/p>\n<ol>\n<li>Informes de gesti\u00f3n, evaluaci\u00f3n y auditor\u00eda\n<ol>\n<li style=\"list-style-type: none;\">\n<ol>\n<li><a href=\"https:\/\/www.ipsclinicabetel.com.co\/leytransoarencia\/INFORME.zip\">Informes a organismos de inspecci\u00f3n, vigilancia y control.<\/a><\/li>\n<li><a href=\"https:\/\/www.ipsclinicabetel.com.co\/leytransoarencia\/DIRECTORIO.pdf\">Relaci\u00f3n de las entidades que vigilan.<\/a><\/li>\n<li><a href=\"https:\/\/www.ipsclinicabetel.com.co\/leytransoarencia\/NORMATIVIDAD.pdf\">Mecanismos internos y externos de supervisi\u00f3n, notificaci\u00f3n y vigilancia.<\/a><\/li>\n<li><a href=\"https:\/\/www.ipsclinicabetel.com.co\/leytransoarencia\/ANTICORRUPCION.pdf\">Control que se ejecuta al interior y exterior de la instituci\u00f3n.<\/a><\/li>\n<li><a href=\"https:\/\/www.ipsclinicabetel.com.co\/leytransoarencia\/DEMANDAS.pdf\">Informe de demandas ante la entidad.<\/a><\/li>\n<\/ol>\n<\/li>\n<\/ol>\n<\/li>\n<\/ol>\n<p>\t\t\t\t\t\t\t\t\t\t\t\t8. Tr\u00e1mites y servicios\t\t\t\t\t<\/p>\n<ol>\n<li><a href=\"https:\/\/www.ipsclinicabetel.com.co\/leytransoarencia\/HC.pdf\">Solicitud de historias clinicas<\/a>.<\/li>\n<li><a href=\"https:\/\/www.ipsclinicabetel.com.co\/leytransoarencia\/RESERVA.pdf\">Reservas de citas<\/a><\/li>\n<li><a href=\"https:\/\/www.ipsclinicabetel.com.co\/leytransoarencia\/PORTAFOLIO.pdf\">Portafolio de servicio<\/a>s<\/li>\n<li><a href=\"https:\/\/www.ipsclinicabetel.com.co\/leytransoarencia\/COSTOS.pdf\">Costos<\/a><\/li>\n<\/ol>\n<p>\t\t\t\t\t\t\t\t\t\t\t\t9. Instrumentos de Gesti\u00f3n de Informaci\u00f3n P\u00fablica\t\t\t\t\t<\/p>\n<ol>\n<li>Mecanismos para presentar quejas y reclamos en relaci\u00f3n con omisiones o acciones del sujeto obligado\n<ol>\n<li><a href=\"https:\/\/www.ipsclinicabetel.com.co\/leytransoarencia\/MECANISMO.pdf\" target=\"_blank\" rel=\"noopener\">Sede Electr\u00f3nica<\/a><\/li>\n<\/ol>\n<\/li>\n<li><a href=\"https:\/\/www.ipsclinicabetel.com.co\/leytransoarencia\/TABULACION.pdf\">Informes de Peticiones, Quejas, Reclamos y Solicitudes de acceso a la informaci\u00f3n<\/a><\/li>\n<\/ol>\n<p>\t\t\t\t\t\t\t\t\t\t\t\t10. Transparencia Pasiva\t\t\t\t\t<\/p>\n<ol>\n<li><a href=\"https:\/\/www.ipsclinicabetel.com.co\/leytransoarencia\/pqrsf.pdf\">Medios de seguimiento\u00a0 para la consulta del estado de las p<\/a>qrsf.<\/li>\n<\/ol>\n<p>\t\t\t\t\t\t\t\t\t\t\t\t11. Criterio diferencial de accesibilidad\t\t\t\t\t<\/p>\n<ol>\n<li><a href=\"https:\/\/www.ipsclinicabetel.com.co\/leytransoarencia\/FOR_PARTICIPACION.pdf\">Formato alternativo para grupos \u00e9tnicos y culturales<\/a><\/li>\n<\/ol>\n<p>\t\t\t\t\t\t\t\t\t\t\t\t12. Protecci\u00f3n de datos personales\t\t\t\t\t<\/p>\n<ol>\n<li><a href=\"https:\/\/www.ipsclinicabetel.com.co\/leytransoarencia\/TRATAMIENTO.pdf\">Cumplimiento de principios y obligaciones del r\u00e9gimen general de protecci\u00f3n de datos personales.<\/a><\/li>\n<\/ol>\n","protected":false},"excerpt":{"rendered":"<p>Transparencia y Acceso a la Informaci\u00f3n P\u00fablica 1. Mecanismos de contacto con el sujeto obligado Secci\u00f3n particular Estimado ciudadano:\u00a0la Procuradur\u00eda General de la Naci\u00f3n ha destinado este bot\u00f3n de transparencia para facilitar el acceso a la informaci\u00f3n de inter\u00e9s p\u00fablico que genera la Entidad. Lo invitamos a conocer su contenido. Mecanismos para la atenci\u00f3n al [&hellip;]<\/p>\n","protected":false},"author":1,"featured_media":0,"parent":0,"menu_order":0,"comment_status":"closed","ping_status":"closed","template":"","meta":{"footnotes":""},"_links":{"self":[{"href":"https:\/\/www.ipsclinicabetel.com.co\/index.php\/wp-json\/wp\/v2\/pages\/537"}],"collection":[{"href":"https:\/\/www.ipsclinicabetel.com.co\/index.php\/wp-json\/wp\/v2\/pages"}],"about":[{"href":"https:\/\/www.ipsclinicabetel.com.co\/index.php\/wp-json\/wp\/v2\/types\/page"}],"author":[{"embeddable":true,"href":"https:\/\/www.ipsclinicabetel.com.co\/index.php\/wp-json\/wp\/v2\/users\/1"}],"replies":[{"embeddable":true,"href":"https:\/\/www.ipsclinicabetel.com.co\/index.php\/wp-json\/wp\/v2\/comments?post=537"}],"version-history":[{"count":145,"href":"https:\/\/www.ipsclinicabetel.com.co\/index.php\/wp-json\/wp\/v2\/pages\/537\/revisions"}],"predecessor-version":[{"id":746,"href":"https:\/\/www.ipsclinicabetel.com.co\/index.php\/wp-json\/wp\/v2\/pages\/537\/revisions\/746"}],"wp:attachment":[{"href":"https:\/\/www.ipsclinicabetel.com.co\/index.php\/wp-json\/wp\/v2\/media?parent=537"}],"curies":[{"name":"wp","href":"https:\/\/api.w.org\/{rel}","templated":true}]}}