{"id":552,"date":"2020-10-10T17:33:57","date_gmt":"2020-10-10T17:33:57","guid":{"rendered":"https:\/\/www.ipsclinicabetel.com.co\/?page_id=552"},"modified":"2020-10-14T13:40:45","modified_gmt":"2020-10-14T13:40:45","slug":"atencion-ciudadana","status":"publish","type":"page","link":"https:\/\/www.ipsclinicabetel.com.co\/index.php\/atencion-ciudadana\/","title":{"rendered":"Atenci\u00f3n ciudadana"},"content":{"rendered":"<h2>Atenci\u00f3n a la ciudadania<\/h2>\n<p>\t\t\t\t\t\t\t\t\t\t\t\t<a href=\"https:\/\/www.ipsclinicabetel.com.co\/leytransoarencia\/MECANISMO.pdf\">Mecanismos de contacto<\/a><br \/>\n\t\t\t\t\t\t\t\t\t\t\t\t<a href=\"https:\/\/www.ipsclinicabetel.com.co\/leytransoarencia\/atencion.pdf\">Notificaciones<\/a><br \/>\n\t\t\t\t\t\t\t\t\t\t\t\tTr\u00e1mites y servicios\t\t\t\t\t<\/p>\n<ol>\n<li><a href=\"https:\/\/www.ipsclinicabetel.com.co\/leytransoarencia\/HC.pdf\">Solicitud de historias clinicas<\/a>.<\/li>\n<li><a href=\"https:\/\/www.ipsclinicabetel.com.co\/leytransoarencia\/RESERVA.pdf\">Reservas de citas<\/a><\/li>\n<li><a href=\"https:\/\/www.ipsclinicabetel.com.co\/leytransoarencia\/PORTAFOLIO.pdf\">Portafolio de servicios<\/a><\/li>\n<li><a href=\"https:\/\/www.ipsclinicabetel.com.co\/leytransoarencia\/COSTOS.pdf\">Costos<\/a><\/li>\n<\/ol>\n<p>\t\t\t\t\t\t\t\t\t\t\t\tParticipaci\u00f3n ciudadana\t\t\t\t\t<\/p>\n<p>Medios presenciales y electr\u00f3nicos<\/p>\n<ol>\n<li><a href=\"https:\/\/www.ipsclinicabetel.com.co\/leytransoarencia\/FOR_PARTICIPACION.pdf\" target=\"_blank\" rel=\"noopener\">Formulario de participaci\u00f3n ciudadana\u00a0<\/a><\/li>\n<li><a href=\"https:\/\/www.ipsclinicabetel.com.co\/leytransoarencia\/GUIA.pdf\" target=\"_blank\" rel=\"noopener\">Gu\u00eda de la Participaci\u00f3n Ciudadana.<\/a><\/li>\n<\/ol>\n<p>\t\t\t\t\t\t\t\t\t\t\t\t<a href=\"https:\/\/www.ipsclinicabetel.com.co\/leytransoarencia\/PREGUNTAS.pdf\">Preguntas y respuestas frecuentes<\/a><br \/>\n\t\t\t\t\t\t\t\t\t\t\t\t<a href=\"https:\/\/www.ipsclinicabetel.com.co\/leytransoarencia\/DEBERES.pdf\">Derechos y deberes <\/a><br \/>\n\t\t\t\t\t\t\t\t\t\t\t\t<a href=\"https:\/\/www.ipsclinicabetel.com.co\/leytransoarencia\/NOTICIAS.pdf\">Informaci\u00f3n de inter\u00e9s<\/a><\/p>\n","protected":false},"excerpt":{"rendered":"<p>Atenci\u00f3n a la ciudadania Mecanismos de contacto Notificaciones Tr\u00e1mites y servicios Solicitud de historias clinicas. Reservas de citas Portafolio de servicios Costos Participaci\u00f3n ciudadana Medios presenciales y electr\u00f3nicos Formulario de participaci\u00f3n ciudadana\u00a0 Gu\u00eda de la Participaci\u00f3n Ciudadana. Preguntas y respuestas frecuentes Derechos y deberes Informaci\u00f3n de inter\u00e9s<\/p>\n","protected":false},"author":1,"featured_media":0,"parent":0,"menu_order":0,"comment_status":"closed","ping_status":"closed","template":"","meta":{"footnotes":""},"_links":{"self":[{"href":"https:\/\/www.ipsclinicabetel.com.co\/index.php\/wp-json\/wp\/v2\/pages\/552"}],"collection":[{"href":"https:\/\/www.ipsclinicabetel.com.co\/index.php\/wp-json\/wp\/v2\/pages"}],"about":[{"href":"https:\/\/www.ipsclinicabetel.com.co\/index.php\/wp-json\/wp\/v2\/types\/page"}],"author":[{"embeddable":true,"href":"https:\/\/www.ipsclinicabetel.com.co\/index.php\/wp-json\/wp\/v2\/users\/1"}],"replies":[{"embeddable":true,"href":"https:\/\/www.ipsclinicabetel.com.co\/index.php\/wp-json\/wp\/v2\/comments?post=552"}],"version-history":[{"count":24,"href":"https:\/\/www.ipsclinicabetel.com.co\/index.php\/wp-json\/wp\/v2\/pages\/552\/revisions"}],"predecessor-version":[{"id":723,"href":"https:\/\/www.ipsclinicabetel.com.co\/index.php\/wp-json\/wp\/v2\/pages\/552\/revisions\/723"}],"wp:attachment":[{"href":"https:\/\/www.ipsclinicabetel.com.co\/index.php\/wp-json\/wp\/v2\/media?parent=552"}],"curies":[{"name":"wp","href":"https:\/\/api.w.org\/{rel}","templated":true}]}}